{"id":484,"date":"2025-06-27T19:04:37","date_gmt":"2025-06-27T19:04:37","guid":{"rendered":"https:\/\/ekg.jel.mybluehost.me\/website_d00f3b9d\/?page_id=484"},"modified":"2025-07-10T10:50:49","modified_gmt":"2025-07-10T08:50:49","slug":"nasze-uslugi-prime-fresh","status":"publish","type":"page","link":"https:\/\/primefresh.pl\/index.php\/nasze-uslugi-prime-fresh\/","title":{"rendered":"Nasze us\u0142ugi &#8211; Prime Fresh"},"content":{"rendered":"\n<div class=\"wp-block-premium-container premium-container-e7fc38e40152  alignfull premium-is-root-container\"><div class=\"premium-container-inner-blocks-wrap\">\n<div class=\"wp-block-premium-heading premium-heading default premium-heading-32fa3d8422a2\"><div class=\"premium-title-container default \" data-backgroundtext=\"\" id=\"premium-heading-32fa3d8422a2\" data-icontype=\"icon\"><h1 class=\"premium-title-header premium-title-default__wrap  \" data-blur-delay=\"\" data-shiny-dur=\"\"><span class=\"premium-title-text-title\" style=\"min-height:15px;color:var(--theme-palette-color-8, #ffffff);text-shadow:0px 0px 10px transparent\">Prime Fresh hurtowy dostawca \u015bwie\u017cych owoc\u00f3w i warzyw dla supermarket\u00f3w<\/span><\/h1><\/div><\/div>\n\n\n\n<div class=\"wp-block-premium-buttons premium-button-group premium-button-group-922c57f94667\"><div class=\"premium-button-group_wrap premium-button-group-class-css\">\n<div class=\"wp-block-premium-button premium-button__wrap premium-button-b792e18fabf9 premium-button__slide premium-button__left\" data-icontype=\"icon\" id=\"premium-button-b792e18fabf9\"><a href=\"https:\/\/primefresh.pl\/index.php\/najwyzszej-jakosci-produkty-prime-fresh\/\" rel=\"noopener noreferrer \" target=\"_self\" class=\"premium-button wp-block-button__link premium-button__lg premium-button__before premium-button-type\" style=\"color:var(--theme-palette-color-8, #ffffff)\"><div style=\"display:inline-flex;justify-content:center;align-items:center\" class=\"premium-button-icon fas_shopping-cart fe icon-type-fa\"><svg style=\"display:inline-block;vertical-align:middle\" viewBox=\"0 0 576 512\" height=\"24\" width=\"24\" fill=\"currentColor\" xmlns=\"http:\/\/www.w3.org\/2000\/svg\"><path d=\"M528.12 301.319l47.273-208C578.806 78.301 567.391 64 551.99 64H159.208l-9.166-44.81C147.758 8.021 137.93 0 126.529 0H24C10.745 0 0 10.745 0 24v16c0 13.255 10.745 24 24 24h69.883l70.248 343.435C147.325 417.1 136 435.222 136 456c0 30.928 25.072 56 56 56s56-25.072 56-56c0-15.674-6.447-29.835-16.824-40h209.647C430.447 426.165 424 440.326 424 456c0 30.928 25.072 56 56 56s56-25.072 56-56c0-22.172-12.888-41.332-31.579-50.405l5.517-24.276c3.413-15.018-8.002-29.319-23.403-29.319H218.117l-6.545-32h293.145c11.206 0 20.92-7.754 23.403-18.681z\"><\/path><\/svg><\/div><span class=\"premium-button-text-edit\" style=\"color:var(--theme-palette-color-8, #ffffff);text-shadow:0px 0px 10px transparent\"><strong>Poznaj nasze produkty<\/strong><\/span><\/a><\/div>\n<\/div><\/div>\n<\/div><\/div>\n\n\n\n<div class=\"wp-block-premium-container premium-container-294385206340  alignfull premium-is-root-container\"><div class=\"premium-container-inner-blocks-wrap\">\n<div class=\"wp-block-premium-heading premium-heading default premium-heading-08f3561942bf\"><div class=\"premium-title-container default \" data-backgroundtext=\"\" id=\"premium-heading-08f3561942bf\" data-icontype=\"icon\"><h2 class=\"premium-title-header premium-title-default__wrap  \" data-blur-delay=\"\" data-shiny-dur=\"\"><span class=\"premium-title-text-title\" style=\"min-height:15px;text-shadow:0px 0px 10px transparent\">Nasze us\u0142ugi &#8211; Prime Fresh<\/span><\/h2><\/div><\/div>\n<\/div><\/div>\n\n\n\n<div class=\"wp-block-premium-container premium-container-6183f27c2fe5  alignfull premium-is-root-container\"><div class=\"premium-container-inner-blocks-wrap\">\n<div class=\"wp-block-premium-container premium-container-3d358fbceb54 \"><div class=\"premium-container-inner-blocks-wrap\">\n<div class=\"wp-block-premium-icon-box premium-icon-box-b6c48d82ca6d is-style-var1\"><div class=\"premium-icon-box-content is-style-var1 left\" style=\"border-style:none;border-color:#dcdcdc\">\n<div class=\"wp-block-premium-icon premium-icon premium-icon-aa9a438f2630 premium-icon__container is-style-var1-icon\" data-icontype=\"img\" id=\"premium-icon-aa9a438f2630\"><div class=\"premium-icon-container premium-icon-class-css\" style=\"border-style:none;box-shadow:0px 0px 10px transparent \"><div class=\"premium-icon-content premium-icon__wobble\"><img loading=\"lazy\" decoding=\"async\" src=\"http:\/\/primefresh.pl\/wp-content\/uploads\/2025\/06\/cir-serv-fresh-1.webp\" class=\"wp-image-554 wp-image-555\" alt=\"\" width=\"260\" height=\"260\"\/><\/div><\/div><\/div>\n\n\n\n<div class=\"wp-block-premium-text premium-text-69d53908570d premium-text\"><h3 class=\"premium-text-wrap\">Sprzeda\u017c \u015bwie\u017cych owoc\u00f3w i warzyw<\/h3><\/div>\n\n\n\n<div class=\"wp-block-premium-text premium-text-edb30bfa0bf9 premium-text\"><p class=\"premium-text-wrap\">Oferujemy szeroki wyb\u00f3r najwy\u017cszej jako\u015bci owoc\u00f3w i warzyw \u2013 zar\u00f3wno lokalnych, jak i importowanych \u2013 dost\u0119pnych przez ca\u0142y rok.<\/p><\/div>\n<\/div><\/div>\n<\/div><\/div>\n\n\n\n<div class=\"wp-block-premium-container premium-container-14b830e50a45 \"><div class=\"premium-container-inner-blocks-wrap\">\n<div class=\"wp-block-premium-icon-box premium-icon-box-2af880ca7ed6 is-style-var1\"><div class=\"premium-icon-box-content is-style-var1 left\" style=\"border-style:none;border-color:#dcdcdc\">\n<div class=\"wp-block-premium-icon premium-icon premium-icon-6a24d8d4b33d premium-icon__container is-style-var1-icon\" data-icontype=\"img\" id=\"premium-icon-6a24d8d4b33d\"><div class=\"premium-icon-container premium-icon-class-css\" style=\"border-style:none;box-shadow:0px 0px 10px transparent \"><div class=\"premium-icon-content premium-icon__wobble\"><img loading=\"lazy\" decoding=\"async\" src=\"http:\/\/primefresh.pl\/wp-content\/uploads\/2025\/06\/cir-pack-fresh-1.webp\" class=\"wp-image-559 wp-image-560\" alt=\"\" width=\"260\" height=\"260\"\/><\/div><\/div><\/div>\n\n\n\n<div class=\"wp-block-premium-text premium-text-08aa41501a30 premium-text\"><h3 class=\"premium-text-wrap\">Konfekcjonowanie na \u017cyczenie klienta<\/h3><\/div>\n\n\n\n<div class=\"wp-block-premium-text premium-text-77bb976a6ae6 premium-text\"><p class=\"premium-text-wrap\">Pakujemy produkty zgodnie z indywidualnymi wymaganiami klient\u00f3w \u2013 r\u00f3\u017cne gramatury, opakowania zbiorcze, oznaczenia i style etykietowania.<\/p><\/div>\n<\/div><\/div>\n<\/div><\/div>\n\n\n\n<div class=\"wp-block-premium-container premium-container-52fa0b43b785 \"><div class=\"premium-container-inner-blocks-wrap\">\n<div class=\"wp-block-premium-icon-box premium-icon-box-ca967dbfcb5c is-style-var1\"><div class=\"premium-icon-box-content is-style-var1 left\" style=\"border-style:none;border-color:#dcdcdc\">\n<div class=\"wp-block-premium-icon premium-icon premium-icon-061c21c1b22c premium-icon__container is-style-var1-icon\" data-icontype=\"img\" id=\"premium-icon-061c21c1b22c\"><div class=\"premium-icon-container premium-icon-class-css\" style=\"border-style:none;box-shadow:0px 0px 10px transparent \"><div class=\"premium-icon-content premium-icon__wobble\"><img loading=\"lazy\" decoding=\"async\" src=\"http:\/\/primefresh.pl\/wp-content\/uploads\/2025\/06\/cir-im-exp-1.webp\" class=\"wp-image-557 wp-image-558\" alt=\"\" width=\"260\" height=\"260\"\/><\/div><\/div><\/div>\n\n\n\n<div class=\"wp-block-premium-text premium-text-cd218b3e3c74 premium-text\"><h3 class=\"premium-text-wrap\">Eksport i import produkt\u00f3w \u015bwie\u017cych<\/h3><\/div>\n\n\n\n<div class=\"wp-block-premium-text premium-text-cd5cce56ad7d premium-text\"><p class=\"premium-text-wrap\">Zajmujemy si\u0119 kompleksow\u0105 obs\u0142ug\u0105 handlu mi\u0119dzynarodowego \u2013 importujemy produkty z zagranicy i eksportujemy polskie owoce i warzywa na rynki zagraniczne.<br><br><\/p><\/div>\n<\/div><\/div>\n<\/div><\/div>\n\n\n\n<div class=\"wp-block-premium-container premium-container-456a3949dfaa \"><div class=\"premium-container-inner-blocks-wrap\">\n<div class=\"wp-block-premium-icon-box premium-icon-box-c4336ea37cab is-style-var1\"><div class=\"premium-icon-box-content is-style-var1 left\" style=\"border-style:none;border-color:#dcdcdc\">\n<div class=\"wp-block-premium-icon premium-icon premium-icon-541f2e297994 premium-icon__container is-style-var1-icon\" data-icontype=\"img\" id=\"premium-icon-541f2e297994\"><div class=\"premium-icon-container premium-icon-class-css\" style=\"border-style:none;box-shadow:0px 0px 10px transparent \"><div class=\"premium-icon-content premium-icon__wobble\"><img loading=\"lazy\" decoding=\"async\" src=\"http:\/\/primefresh.pl\/wp-content\/uploads\/2025\/06\/cir-rep-serv-1.webp\" class=\"wp-image-561 wp-image-562\" alt=\"\" width=\"260\" height=\"260\"\/><\/div><\/div><\/div>\n\n\n\n<div class=\"wp-block-premium-text premium-text-478056c3ccd0 premium-text\"><h3 class=\"premium-text-wrap\">Rekonfekcja i etykietowanie zwrot\u00f3w<\/h3><\/div>\n\n\n\n<div class=\"wp-block-premium-text premium-text-0a0580aa558b premium-text\"><p class=\"premium-text-wrap\">Przyjmujemy zwr\u00f3cone przez sieci handlowe produkty, dokonujemy ich selekcji, przepakowania i etykietowania zgodnie z wymaganiami odbiorcy. Dzi\u0119ki temu towar mo\u017ce zosta\u0107 ponownie wprowadzony do sprzeda\u017cy.<\/p><\/div>\n<\/div><\/div>\n<\/div><\/div>\n<\/div><\/div>\n\n\n\n<div class=\"wp-block-premium-container premium-container-2dc0511c992d  alignwide premium-is-root-container\"><div class=\"premium-container-inner-blocks-wrap\">\n<div class=\"wp-block-premium-heading premium-heading default premium-heading-30cb92024399\"><div class=\"premium-title-container default \" data-backgroundtext=\"\" id=\"premium-heading-30cb92024399\" data-icontype=\"icon\"><h2 class=\"premium-title-header premium-title-default__wrap  \" data-blur-delay=\"\" data-shiny-dur=\"\"><span class=\"premium-title-text-title\" style=\"min-height:15px;text-shadow:0px 0px 10px transparent\">Czy Twoja firma nie zas\u0142uguje na wi\u0119cej?<\/span><\/h2><\/div><\/div>\n\n\n\n<div class=\"wp-block-premium-heading premium-heading default premium-heading-2f11c412df84\"><div class=\"premium-title-container default \" data-backgroundtext=\"\" id=\"premium-heading-2f11c412df84\" data-icontype=\"icon\"><h4 class=\"premium-title-header premium-title-default__wrap before \" data-blur-delay=\"\" data-shiny-dur=\"\"><span style=\"display:inline-flex;justify-content:center;align-items:center\" class=\"premium-title-icon fe_phoneIncoming icon-type-fe\"><svg style=\"display:inline-block;vertical-align:middle\" viewBox=\"0 0 24 24\" height=\"24\" width=\"24\" fill=\"none\" stroke=\"currentColor\" xmlns=\"http:\/\/www.w3.org\/2000\/svg\" stroke-width=\"2\" stroke-linecap=\"round\" stroke-linejoin=\"round\"><polyline points=\"16 2 16 8 22 8\"><\/polyline><line x1=\"23\" y1=\"1\" x2=\"16\" y2=\"8\"><\/line><path d=\"M22 16.92v3a2 2 0 0 1-2.18 2 19.79 19.79 0 0 1-8.63-3.07 19.5 19.5 0 0 1-6-6 19.79 19.79 0 0 1-3.07-8.67A2 2 0 0 1 4.11 2h3a2 2 0 0 1 2 1.72 12.84 12.84 0 0 0 .7 2.81 2 2 0 0 1-.45 2.11L8.09 9.91a16 16 0 0 0 6 6l1.27-1.27a2 2 0 0 1 2.11-.45 12.84 12.84 0 0 0 2.81.7A2 2 0 0 1 22 16.92z\"><\/path><\/svg><\/span><span class=\"premium-title-text-title\" style=\"min-height:15px;color:var(--theme-palette-color-8, #ffffff);text-shadow:0px 0px 10px transparent\">Skontaktuj si\u0119 z nami, aby uzyska\u0107 wi\u0119cej informacji <br>na temat wsp\u00f3\u0142pracy i wzmocnienia Twojej firmy.<\/span><\/h4><\/div><\/div>\n\n\n\n<div class=\"wp-block-premium-buttons premium-button-group premium-button-group-96db1c490eff\"><div class=\"premium-button-group_wrap premium-button-group-class-css\">\n<div class=\"wp-block-premium-button premium-button__wrap premium-button-753b4ea6187f premium-button__none premium-button__top\" data-icontype=\"icon\" id=\"premium-button-753b4ea6187f\"><a href=\"mailto:joanna@primefresh.pl\" rel=\"noopener noreferrer \" target=\"_self\" class=\"premium-button wp-block-button__link premium-button__md premium-button__before premium-button-type\" style=\"color:var(--theme-palette-color-8, #ffffff)\"><span class=\"premium-button-text-edit\" style=\"color:var(--theme-palette-color-8, #ffffff);text-shadow:0px 0px 10px transparent\">Skontaktuj si\u0119 z nami<\/span><\/a><\/div>\n<\/div><\/div>\n<\/div><\/div>\n","protected":false},"excerpt":{"rendered":"","protected":false},"author":1,"featured_media":0,"parent":0,"menu_order":0,"comment_status":"closed","ping_status":"closed","template":"","meta":{"footnotes":""},"class_list":["post-484","page","type-page","status-publish","hentry"],"blocksy_meta":[],"pbg_featured_image_src":{"full":false,"thumbnail":false,"medium":false,"medium_large":false,"large":false,"1536x1536":false,"2048x2048":false},"pbg_author_info":{"display_name":"admin","author_link":"https:\/\/primefresh.pl\/index.php\/author\/admin\/","author_img":"<img alt='admin' src='https:\/\/secure.gravatar.com\/avatar\/6a1ceb428a775551017f7f087c42c46f709a3408a7fc82a07e55c87553f8724e?s=128&#038;d=mm&#038;r=g' srcset='https:\/\/secure.gravatar.com\/avatar\/6a1ceb428a775551017f7f087c42c46f709a3408a7fc82a07e55c87553f8724e?s=256&#038;d=mm&#038;r=g 2x' class='avatar avatar-128 photo' height='128' width='128' loading='lazy' decoding='async'\/>"},"pbg_comment_info":" No Comments","pbg_excerpt":null,"_links":{"self":[{"href":"https:\/\/primefresh.pl\/index.php\/wp-json\/wp\/v2\/pages\/484","targetHints":{"allow":["GET"]}}],"collection":[{"href":"https:\/\/primefresh.pl\/index.php\/wp-json\/wp\/v2\/pages"}],"about":[{"href":"https:\/\/primefresh.pl\/index.php\/wp-json\/wp\/v2\/types\/page"}],"author":[{"embeddable":true,"href":"https:\/\/primefresh.pl\/index.php\/wp-json\/wp\/v2\/users\/1"}],"replies":[{"embeddable":true,"href":"https:\/\/primefresh.pl\/index.php\/wp-json\/wp\/v2\/comments?post=484"}],"version-history":[{"count":28,"href":"https:\/\/primefresh.pl\/index.php\/wp-json\/wp\/v2\/pages\/484\/revisions"}],"predecessor-version":[{"id":1205,"href":"https:\/\/primefresh.pl\/index.php\/wp-json\/wp\/v2\/pages\/484\/revisions\/1205"}],"wp:attachment":[{"href":"https:\/\/primefresh.pl\/index.php\/wp-json\/wp\/v2\/media?parent=484"}],"curies":[{"name":"wp","href":"https:\/\/api.w.org\/{rel}","templated":true}]}}