{"id":62,"date":"2025-06-20T09:35:59","date_gmt":"2025-06-20T09:35:59","guid":{"rendered":"https:\/\/ekg.jel.mybluehost.me\/website_d00f3b9d\/?page_id=62"},"modified":"2025-07-10T21:33:23","modified_gmt":"2025-07-10T19:33:23","slug":"pomidory-hurt-prime-fresh","status":"publish","type":"page","link":"https:\/\/primefresh.pl\/index.php\/pomidory-hurt-prime-fresh\/","title":{"rendered":"Pomidory hurt \u2013 Prime Fresh"},"content":{"rendered":"\n<div class=\"wp-block-premium-container premium-container-d42d72b6d671  alignfull premium-is-root-container\"><div class=\"premium-container-inner-blocks-wrap\">\n<div class=\"wp-block-premium-heading premium-heading default premium-heading-1b4529835e37\"><div class=\"premium-title-container default \" data-backgroundtext=\"\" id=\"premium-heading-1b4529835e37\" data-icontype=\"icon\"><h1 class=\"premium-title-header premium-title-default__wrap  \" data-blur-delay=\"\" data-shiny-dur=\"\"><span class=\"premium-title-text-title\" style=\"min-height:15px;color:var(--theme-palette-color-8, #ffffff);text-shadow:0px 0px 10px transparent\">Pomidory Prime Fresh<\/span><\/h1><\/div><\/div>\n\n\n\n<p class=\"has-text-align-center has-palette-color-8-color has-text-color has-link-color wp-elements-2a561eed887146bd226bd5bf08408d73\"><strong>Soczysta s\u0142odycz, kt\u00f3ra podbija serca smakoszy! Idealny do sa\u0142atek, kanapek i da\u0144 premium.<\/strong><\/p>\n<\/div><\/div>\n\n\n\n<div class=\"wp-block-premium-container premium-container-0bdfe6b03b5f  alignfull premium-is-root-container\"><div class=\"premium-container-inner-blocks-wrap\">\n<div class=\"wp-block-premium-container premium-container-065f4a8ce217 \"><div class=\"premium-container-inner-blocks-wrap\">\n<figure class=\"wp-block-premium-image premium-image  premium-image-5c2ed124b7f8\"><div class=\"premium-image-container\"><div class=\"premium-image-wrap premium-image-wrap-none \"><img loading=\"lazy\" decoding=\"async\" src=\"http:\/\/primefresh.pl\/wp-content\/uploads\/2025\/06\/tomate-1.webp\" alt=\"\" class=\"pbg-image-246 wp-image-246\" width=\"500\" height=\"300\"\/><\/div><\/div><\/figure>\n<\/div><\/div>\n\n\n\n<div class=\"wp-block-premium-container premium-container-567457a00286 \"><div class=\"premium-container-inner-blocks-wrap\">\n<div class=\"wp-block-premium-heading premium-heading default premium-heading-f433db951ebe\"><div class=\"premium-title-container default \" data-backgroundtext=\"\" id=\"premium-heading-f433db951ebe\" data-icontype=\"icon\"><h2 class=\"premium-title-header premium-title-default__wrap  \" data-blur-delay=\"\" data-shiny-dur=\"\"><span class=\"premium-title-text-title\" style=\"min-height:15px;text-shadow:0px 0px 10px transparent\">Pomidory<\/span><\/h2><\/div><\/div>\n\n\n\n<div class=\"wp-block-premium-text premium-text-9663ab4c915d premium-text\"><p class=\"premium-text-wrap\"><strong>Sezon: <\/strong><br>Listopad &#8211; Lipiec<br><br><strong>Odmiany:<\/strong><br>Tomimaru Muchoo, Rosamunda <br><br><strong>Kalibry:<\/strong> <br>B 57-67mm &#8211; BB 67-82 mm &#8211; BBB 82-102 mm<br><br><strong>Opakowanie:<\/strong><br>Tacka, Karton 6Kg<br><br><strong>Powierzchnia: <\/strong><br>9,5 ha (5,5 ha powierzchni do\u015bwietanej)<br><br><strong>Certyfikaty:<\/strong><br>GlobalGAP, HACCP<\/p><\/div>\n\n\n\n<figure class=\"wp-block-image size-full\"><a href=\"https:\/\/primefresh.pl\/wp-content\/uploads\/2025\/07\/GG_CERTYFIKAT_OP1_GospodarstwoOgrodniczeMariuszRechnia_24.signed-1.pdf\" target=\"_blank\" rel=\" noreferrer noopener\"><img loading=\"lazy\" decoding=\"async\" width=\"210\" height=\"29\" src=\"https:\/\/primefresh.pl\/wp-content\/uploads\/2025\/07\/GlobalGAP_Logo.webp\" alt=\"\" class=\"wp-image-1035\"\/><\/a><\/figure>\n<\/div><\/div>\n<\/div><\/div>\n\n\n\n<div class=\"wp-block-premium-container premium-container-ee6c9e7c29be  alignfull premium-is-root-container\" style=\"overflow:default\"><div class=\"premium-container-inner-blocks-wrap\">\n<h2 class=\"wp-block-heading\">Pomidory Prime Fresh<\/h2>\n\n\n\n<p class=\"has-text-align-center has-palette-color-8-color has-text-color has-link-color wp-elements-ae8ae33fccde993ad2544d92c17a232a\"><strong>Nasze malinowe pomidory uprawiamy w nowoczesnych szklarniach Mazowsza, gdzie specjalny mikroklimat nadaje im charakterystyczn\u0105, g\u0142\u0119bok\u0105 czerwie\u0144 i wyj\u0105tkow\u0105 s\u0142odycz. Zbieramy je r\u0119cznie, gdy osi\u0105gn\u0105 pe\u0142ni\u0119 smaku \u2013 bez po\u015bpiechu i z dba\u0142o\u015bci\u0105 o ka\u017cdy detal. Dzi\u0119ki niskiej kwasowo\u015bci i mi\u0119sistej strukturze, pomidory malinowe Prime Fresh s\u0105 uwielbiane przez szef\u00f3w kuchni i klient\u00f3w poszukuj\u0105cych produkt\u00f3w premium.<\/strong><\/p>\n<\/div><\/div>\n\n\n\n<div class=\"wp-block-premium-container premium-container-0c5a4e72791b  alignfull premium-is-root-container\"><div class=\"premium-container-inner-blocks-wrap\">\n<div class=\"wp-block-premium-container premium-container-aed33d4214be \"><div class=\"premium-container-inner-blocks-wrap\">\n<div class=\"wp-block-premium-icon-box premium-icon-box-17376ef7a92c is-style-default\"><div class=\"premium-icon-box-content is-style-default left\" style=\"border-style:solid;border-color:var(--theme-palette-color-1, #4D9F45)\">\n<div class=\"wp-block-premium-text premium-text-b617e90aafaf premium-text\"><h3 class=\"premium-text-wrap\">Rosamunda<\/h3><\/div>\n\n\n\n<div class=\"wp-block-premium-text premium-text-050aae6ee714 premium-text\"><p class=\"premium-text-wrap\"><strong>Sezon: <\/strong><br>Listopad &#8211; Lipiec<strong><br><\/strong><br><strong>Kalibry: <\/strong><br>B 57-67mm &#8211; BB 67-82 mm &#8211; BBB 82-102 mm<strong><br><\/strong><br><strong>Opakowanie: <\/strong><br>Tacka, Karton 6Kg<strong><br><\/strong><br><strong>Certyfikaty:<\/strong><br>GlobalGAP, HACCP<\/p><\/div>\n<\/div><\/div>\n<\/div><\/div>\n\n\n\n<div class=\"wp-block-premium-container premium-container-eaa2b7291245 \"><div class=\"premium-container-inner-blocks-wrap\">\n<div class=\"wp-block-premium-icon-box premium-icon-box-9a333b79421f is-style-default\"><div class=\"premium-icon-box-content is-style-default left\" style=\"border-style:solid;border-color:var(--theme-palette-color-1, #4D9F45)\">\n<div class=\"wp-block-premium-text premium-text-c396d871a4d1 premium-text\"><h3 class=\"premium-text-wrap\">Tomimaru Muchoo<\/h3><\/div>\n\n\n\n<div class=\"wp-block-premium-text premium-text-a8c389f4f860 premium-text\"><p class=\"premium-text-wrap\"><strong>Sezon: <\/strong><br>Listopad &#8211; Lipiec<strong><br><\/strong><br><strong>Kalibry: <\/strong><br>B 57-67mm &#8211; BB 67-82 mm &#8211; BBB 82-102 mm<strong><br><\/strong><br><strong>Opakowanie: <\/strong><br>Tacka, Karton 6Kg<strong><br><\/strong><br><strong>Certyfikaty:<\/strong><br>GlobalGAP, HACCP<\/p><\/div>\n<\/div><\/div>\n<\/div><\/div>\n<\/div><\/div>\n\n\n\n<div class=\"wp-block-premium-container premium-container-7db49956b86e  alignfull premium-is-root-container\"><div class=\"premium-container-inner-blocks-wrap\">\n<figure class=\"wp-block-premium-image premium-image  premium-image-044d724328ca\"><div class=\"premium-image-container\"><div class=\"premium-image-wrap premium-image-wrap-none \"><img loading=\"lazy\" decoding=\"async\" src=\"http:\/\/primefresh.pl\/wp-content\/uploads\/2025\/06\/tomate-bottom-1-1024x480.webp\" alt=\"\" class=\"pbg-image-252 wp-image-252\" width=\"1024\" height=\"480\" srcset=\"https:\/\/primefresh.pl\/wp-content\/uploads\/2025\/06\/tomate-bottom-1-1024x480.webp 1024w, https:\/\/primefresh.pl\/wp-content\/uploads\/2025\/06\/tomate-bottom-1-300x141.webp 300w, https:\/\/primefresh.pl\/wp-content\/uploads\/2025\/06\/tomate-bottom-1-768x360.webp 768w, https:\/\/primefresh.pl\/wp-content\/uploads\/2025\/06\/tomate-bottom-1.webp 1280w\" sizes=\"auto, (max-width: 1024px) 100vw, 1024px\" \/><\/div><\/div><\/figure>\n<\/div><\/div>\n","protected":false},"excerpt":{"rendered":"","protected":false},"author":1,"featured_media":238,"parent":0,"menu_order":0,"comment_status":"closed","ping_status":"closed","template":"","meta":{"footnotes":""},"class_list":["post-62","page","type-page","status-publish","has-post-thumbnail","hentry"],"blocksy_meta":[],"pbg_featured_image_src":{"full":["https:\/\/primefresh.pl\/wp-content\/uploads\/2025\/06\/banner-tomates-1.webp",1280,720,false],"thumbnail":["https:\/\/primefresh.pl\/wp-content\/uploads\/2025\/06\/banner-tomates-1-150x150.webp",150,150,true],"medium":["https:\/\/primefresh.pl\/wp-content\/uploads\/2025\/06\/banner-tomates-1-300x169.webp",300,169,true],"medium_large":["https:\/\/primefresh.pl\/wp-content\/uploads\/2025\/06\/banner-tomates-1-768x432.webp",768,432,true],"large":["https:\/\/primefresh.pl\/wp-content\/uploads\/2025\/06\/banner-tomates-1-1024x576.webp",1024,576,true],"1536x1536":["https:\/\/primefresh.pl\/wp-content\/uploads\/2025\/06\/banner-tomates-1.webp",1280,720,false],"2048x2048":["https:\/\/primefresh.pl\/wp-content\/uploads\/2025\/06\/banner-tomates-1.webp",1280,720,false]},"pbg_author_info":{"display_name":"admin","author_link":"https:\/\/primefresh.pl\/index.php\/author\/admin\/","author_img":"<img alt='admin' src='https:\/\/secure.gravatar.com\/avatar\/6a1ceb428a775551017f7f087c42c46f709a3408a7fc82a07e55c87553f8724e?s=128&#038;d=mm&#038;r=g' srcset='https:\/\/secure.gravatar.com\/avatar\/6a1ceb428a775551017f7f087c42c46f709a3408a7fc82a07e55c87553f8724e?s=256&#038;d=mm&#038;r=g 2x' class='avatar avatar-128 photo' height='128' width='128' loading='lazy' decoding='async'\/>"},"pbg_comment_info":" No Comments","pbg_excerpt":null,"_links":{"self":[{"href":"https:\/\/primefresh.pl\/index.php\/wp-json\/wp\/v2\/pages\/62","targetHints":{"allow":["GET"]}}],"collection":[{"href":"https:\/\/primefresh.pl\/index.php\/wp-json\/wp\/v2\/pages"}],"about":[{"href":"https:\/\/primefresh.pl\/index.php\/wp-json\/wp\/v2\/types\/page"}],"author":[{"embeddable":true,"href":"https:\/\/primefresh.pl\/index.php\/wp-json\/wp\/v2\/users\/1"}],"replies":[{"embeddable":true,"href":"https:\/\/primefresh.pl\/index.php\/wp-json\/wp\/v2\/comments?post=62"}],"version-history":[{"count":6,"href":"https:\/\/primefresh.pl\/index.php\/wp-json\/wp\/v2\/pages\/62\/revisions"}],"predecessor-version":[{"id":1230,"href":"https:\/\/primefresh.pl\/index.php\/wp-json\/wp\/v2\/pages\/62\/revisions\/1230"}],"wp:featuredmedia":[{"embeddable":true,"href":"https:\/\/primefresh.pl\/index.php\/wp-json\/wp\/v2\/media\/238"}],"wp:attachment":[{"href":"https:\/\/primefresh.pl\/index.php\/wp-json\/wp\/v2\/media?parent=62"}],"curies":[{"name":"wp","href":"https:\/\/api.w.org\/{rel}","templated":true}]}}