{"id":64,"date":"2025-06-20T09:37:10","date_gmt":"2025-06-20T09:37:10","guid":{"rendered":"https:\/\/ekg.jel.mybluehost.me\/website_d00f3b9d\/?page_id=64"},"modified":"2025-07-10T21:34:55","modified_gmt":"2025-07-10T19:34:55","slug":"jablka-hurtowe-prime-fresh","status":"publish","type":"page","link":"https:\/\/primefresh.pl\/index.php\/jablka-hurtowe-prime-fresh\/","title":{"rendered":"Jab\u0142ka hurtowe \u2013 Prime Fresh"},"content":{"rendered":"\n<div class=\"wp-block-premium-container premium-container-7394210ee72e  alignfull premium-is-root-container\"><div class=\"premium-container-inner-blocks-wrap\">\n<div class=\"wp-block-premium-heading premium-heading default premium-heading-94eed2f4f691\"><div class=\"premium-title-container default \" data-backgroundtext=\"\" id=\"premium-heading-94eed2f4f691\" data-icontype=\"icon\"><h1 class=\"premium-title-header premium-title-default__wrap  \" data-blur-delay=\"\" data-shiny-dur=\"\"><span class=\"premium-title-text-title\" style=\"min-height:15px;color:var(--theme-palette-color-8, #ffffff);text-shadow:0px 0px 10px transparent\">Jab\u0142ka Prime Fresh<\/span><\/h1><\/div><\/div>\n\n\n\n<p class=\"has-text-align-center has-palette-color-8-color has-text-color has-link-color wp-elements-91087941ec657070086e295b6fe783f4\"><strong>Chrupka doskona\u0142o\u015b\u0107 z polskich sad\u00f3w! Idealne do sprzeda\u017cy luzem, sok\u00f3w i wypiek\u00f3w.<\/strong><\/p>\n<\/div><\/div>\n\n\n\n<div class=\"wp-block-premium-container premium-container-4ccae917a8f7  alignfull premium-is-root-container\"><div class=\"premium-container-inner-blocks-wrap\">\n<div class=\"wp-block-premium-container premium-container-b02541f7860d \"><div class=\"premium-container-inner-blocks-wrap\">\n<figure class=\"wp-block-premium-image premium-image  premium-image-af81bc3214a8\"><div class=\"premium-image-container\"><div class=\"premium-image-wrap premium-image-wrap-none \"><img loading=\"lazy\" decoding=\"async\" src=\"http:\/\/primefresh.pl\/wp-content\/uploads\/2025\/06\/manzana-cont-1.webp\" alt=\"\" class=\"pbg-image-276 wp-image-276\" width=\"500\" height=\"300\"\/><\/div><\/div><\/figure>\n<\/div><\/div>\n\n\n\n<div class=\"wp-block-premium-container premium-container-bbbf2c138c62 \"><div class=\"premium-container-inner-blocks-wrap\">\n<div class=\"wp-block-premium-heading premium-heading default premium-heading-cce0afdaa41b\"><div class=\"premium-title-container default \" data-backgroundtext=\"\" id=\"premium-heading-cce0afdaa41b\" data-icontype=\"icon\"><h2 class=\"premium-title-header premium-title-default__wrap  \" data-blur-delay=\"\" data-shiny-dur=\"\"><span class=\"premium-title-text-title\" style=\"min-height:15px;text-shadow:0px 0px 10px transparent\">Jab\u0142ka<\/span><\/h2><\/div><\/div>\n\n\n\n<div class=\"wp-block-premium-text premium-text-b8c4350f1d18 premium-text\"><p class=\"premium-text-wrap\"><strong>Sezon: <\/strong><br>Wrzesie\u0144 &#8211; Czerwiec<br><br><strong>Odmiany:<\/strong><br>Rad Jonaprice, Gala, Golden Delicius, Jonagold\/Jonagored, Sampion, Idared<br><br><strong>Kalibry:<\/strong> <br>65, 70, 75,80, 85, 90<br><br><strong>Opakowanie:<\/strong><br>worek, karton, bushel, tacka.<br><br><strong>Powierzchnia: <\/strong><br>259,6 ha<br><br><strong>Certyfikaty:<\/strong><br>GlobalGAP, Certyfikat Ekologiczny, HACCP<\/p><\/div>\n<\/div><\/div>\n<\/div><\/div>\n\n\n\n<div class=\"wp-block-premium-container premium-container-9303d9329ee9  alignfull premium-is-root-container\" style=\"overflow:default\"><div class=\"premium-container-inner-blocks-wrap\">\n<h2 class=\"wp-block-heading\">Jab\u0142ka Prime Fresh<\/h2>\n\n\n\n<p class=\"has-text-align-center has-palette-color-3-color has-text-color has-link-color wp-elements-855b1c4917a4d5a2bdeab90f5d708f84\"><strong>Nasze jab\u0142ka rosn\u0105 w najlepszych sadach Mazowsza, gdzie ch\u0142odne noce i s\u0142oneczne dni nadaj\u0105 im idealn\u0105 r\u00f3wnowag\u0119 s\u0142odyczy i kwaskowato\u015bci. Zbieramy je w optymalnej dojrza\u0142o\u015bci i przechowujemy w nowoczesnych ch\u0142odniach z kontrolowan\u0105 atmosfer\u0105, by zachowa\u0107 ich \u015bwie\u017co\u015b\u0107 przez ca\u0142y rok. Dzi\u0119ki r\u00f3\u017cnorodno\u015bci odmian (od s\u0142odkiej Gali po orze\u017awiaj\u0105c\u0105 Sampion) stawiamy jako\u015b\u0107 na pierwszym miejscu &#8211; tak jak nasi dziadkowie od pokole\u0144.<\/strong><\/p>\n<\/div><\/div>\n\n\n\n<div class=\"wp-block-premium-container premium-container-fecda0a5b274  alignfull premium-is-root-container\"><div class=\"premium-container-inner-blocks-wrap\">\n<div class=\"wp-block-premium-container premium-container-e77307ae9c99 \"><div class=\"premium-container-inner-blocks-wrap\">\n<div class=\"wp-block-premium-icon-box premium-icon-box-228e1cb5aba3 is-style-default\"><div class=\"premium-icon-box-content is-style-default left\" style=\"border-style:solid;border-color:var(--theme-palette-color-1, #4D9F45)\">\n<div class=\"wp-block-premium-text premium-text-073061f44fff premium-text\"><h3 class=\"premium-text-wrap\">Rad Jonaprice<\/h3><\/div>\n\n\n\n<div class=\"wp-block-premium-text premium-text-43b0daa337de premium-text\"><p class=\"premium-text-wrap\"><strong>Sezon: <\/strong><br>Wrzesie\u0144 &#8211; Czerwiec<br><br><strong>Kalibry:<\/strong> <br>65, 70, 75,80, 85, 90<br><br><strong>Opakowanie:<\/strong><br>worek, karton, bushel, tacka.<br><br><strong>Certyfikaty:<\/strong><br>GlobalGAP, Certyfikat Ekologiczny, HACCP<\/p><\/div>\n<\/div><\/div>\n<\/div><\/div>\n\n\n\n<div class=\"wp-block-premium-container premium-container-d36edcd6403a \"><div class=\"premium-container-inner-blocks-wrap\">\n<div class=\"wp-block-premium-icon-box premium-icon-box-3f6194758ed1 is-style-default\"><div class=\"premium-icon-box-content is-style-default left\" style=\"border-style:solid;border-color:var(--theme-palette-color-1, #4D9F45)\">\n<div class=\"wp-block-premium-text premium-text-1563a48de0d4 premium-text\"><h3 class=\"premium-text-wrap\">Gala<\/h3><\/div>\n\n\n\n<div class=\"wp-block-premium-text premium-text-9be5f4a41934 premium-text\"><p class=\"premium-text-wrap\"><strong>Sezon: <\/strong><br>Wrzesie\u0144 &#8211; Czerwiec<br><br><strong>Kalibry:<\/strong> <br>65, 70, 75,80, 85, 90<br><br><strong>Opakowanie:<\/strong><br>worek, karton, bushel, tacka.<br><br><strong>Certyfikaty:<\/strong><br>GlobalGAP, Certyfikat Ekologiczny, HACCP<\/p><\/div>\n<\/div><\/div>\n<\/div><\/div>\n\n\n\n<div class=\"wp-block-premium-container premium-container-3fb0f110aef8 \"><div class=\"premium-container-inner-blocks-wrap\">\n<div class=\"wp-block-premium-icon-box premium-icon-box-4a420ae3da03 is-style-default\"><div class=\"premium-icon-box-content is-style-default left\" style=\"border-style:solid;border-color:var(--theme-palette-color-1, #4D9F45)\">\n<div class=\"wp-block-premium-text premium-text-1fe147f9ae53 premium-text\"><h3 class=\"premium-text-wrap\">Golden Delicius<\/h3><\/div>\n\n\n\n<div class=\"wp-block-premium-text premium-text-dcc315a973f4 premium-text\"><p class=\"premium-text-wrap\"><strong>Sezon: <\/strong><br>Wrzesie\u0144 &#8211; Czerwiec<br><br><strong>Kalibry:<\/strong> <br>65, 70, 75,80, 85, 90<br><br><strong>Opakowanie:<\/strong><br>worek, karton, bushel, tacka.<br><br><strong>Certyfikaty:<\/strong><br>GlobalGAP, Certyfikat Ekologiczny, HACCP<\/p><\/div>\n<\/div><\/div>\n<\/div><\/div>\n\n\n\n<div class=\"wp-block-premium-container premium-container-0a2e609cb1d2 \"><div class=\"premium-container-inner-blocks-wrap\">\n<div class=\"wp-block-premium-icon-box premium-icon-box-cd93043e108b is-style-default\"><div class=\"premium-icon-box-content is-style-default left\" style=\"border-style:solid;border-color:var(--theme-palette-color-1, #4D9F45)\">\n<div class=\"wp-block-premium-text premium-text-1cfd69c16ae8 premium-text\"><h3 class=\"premium-text-wrap\">Onagold\/Jonagored<\/h3><\/div>\n\n\n\n<div class=\"wp-block-premium-text premium-text-f6e89fee26cc premium-text\"><p class=\"premium-text-wrap\"><strong>Sezon: <\/strong><br>Wrzesie\u0144 &#8211; Czerwiec<br><br><strong>Kalibry:<\/strong> <br>65, 70, 75,80, 85, 90<br><br><strong>Opakowanie:<\/strong><br>worek, karton, bushel, tacka.<br><br><strong>Certyfikaty:<\/strong><br>GlobalGAP, Certyfikat Ekologiczny, HACCP<\/p><\/div>\n<\/div><\/div>\n<\/div><\/div>\n\n\n\n<div class=\"wp-block-premium-container premium-container-bdfeed45ef11 \"><div class=\"premium-container-inner-blocks-wrap\">\n<div class=\"wp-block-premium-icon-box premium-icon-box-f70133389116 is-style-default\"><div class=\"premium-icon-box-content is-style-default left\" style=\"border-style:solid;border-color:var(--theme-palette-color-1, #4D9F45)\">\n<div class=\"wp-block-premium-text premium-text-37c2b499f799 premium-text\"><h3 class=\"premium-text-wrap\">Sampion<\/h3><\/div>\n\n\n\n<div class=\"wp-block-premium-text premium-text-fc4ce082be9a premium-text\"><p class=\"premium-text-wrap\"><strong>Sezon: <\/strong><br>Wrzesie\u0144 &#8211; Czerwiec<br><br><strong>Kalibry:<\/strong> <br>65, 70, 75,80, 85, 90<br><br><strong>Opakowanie:<\/strong><br>worek, karton, bushel, tacka.<br><br><strong>Certyfikaty:<\/strong><br>GlobalGAP, Certyfikat Ekologiczny, HACCP<\/p><\/div>\n<\/div><\/div>\n<\/div><\/div>\n\n\n\n<div class=\"wp-block-premium-container premium-container-965fdf2be0c7 \"><div class=\"premium-container-inner-blocks-wrap\">\n<div class=\"wp-block-premium-icon-box premium-icon-box-fe572f9c0bdb is-style-default\"><div class=\"premium-icon-box-content is-style-default left\" style=\"border-style:solid;border-color:var(--theme-palette-color-1, #4D9F45)\">\n<div class=\"wp-block-premium-text premium-text-ee0fe6ad9bdb premium-text\"><h3 class=\"premium-text-wrap\">Idared<\/h3><\/div>\n\n\n\n<div class=\"wp-block-premium-text premium-text-43e45534beaa premium-text\"><p class=\"premium-text-wrap\"><strong>Sezon: <\/strong><br>Wrzesie\u0144 &#8211; Czerwiec<br><br><strong>Kalibry:<\/strong> <br>65, 70, 75,80, 85, 90<br><br><strong>Opakowanie:<\/strong><br>worek, karton, bushel, tacka.<br><br><strong>Certyfikaty:<\/strong><br>GlobalGAP, Certyfikat Ekologiczny, HACCP<\/p><\/div>\n<\/div><\/div>\n<\/div><\/div>\n<\/div><\/div>\n\n\n\n<div class=\"wp-block-premium-container premium-container-8bafe5b6dfbe  alignfull premium-is-root-container\"><div class=\"premium-container-inner-blocks-wrap\">\n<figure class=\"wp-block-premium-image premium-image  premium-image-e2cbcae911b0\"><div class=\"premium-image-container\"><div class=\"premium-image-wrap premium-image-wrap-none \"><img loading=\"lazy\" decoding=\"async\" src=\"http:\/\/primefresh.pl\/wp-content\/uploads\/2025\/06\/manzana-bottom-1-1-1024x480.webp\" alt=\"\" class=\"pbg-image-279 wp-image-279\" width=\"1024\" height=\"480\" srcset=\"https:\/\/primefresh.pl\/wp-content\/uploads\/2025\/06\/manzana-bottom-1-1-1024x480.webp 1024w, https:\/\/primefresh.pl\/wp-content\/uploads\/2025\/06\/manzana-bottom-1-1-300x141.webp 300w, https:\/\/primefresh.pl\/wp-content\/uploads\/2025\/06\/manzana-bottom-1-1-768x360.webp 768w, https:\/\/primefresh.pl\/wp-content\/uploads\/2025\/06\/manzana-bottom-1-1.webp 1280w\" sizes=\"auto, (max-width: 1024px) 100vw, 1024px\" \/><\/div><\/div><\/figure>\n<\/div><\/div>\n","protected":false},"excerpt":{"rendered":"","protected":false},"author":1,"featured_media":277,"parent":0,"menu_order":0,"comment_status":"closed","ping_status":"closed","template":"","meta":{"footnotes":""},"class_list":["post-64","page","type-page","status-publish","has-post-thumbnail","hentry"],"blocksy_meta":[],"pbg_featured_image_src":{"full":["https:\/\/primefresh.pl\/wp-content\/uploads\/2025\/06\/manzana-cont-1.webp",500,300,false],"thumbnail":["https:\/\/primefresh.pl\/wp-content\/uploads\/2025\/06\/manzana-cont-1-150x150.webp",150,150,true],"medium":["https:\/\/primefresh.pl\/wp-content\/uploads\/2025\/06\/manzana-cont-1-300x180.webp",300,180,true],"medium_large":["https:\/\/primefresh.pl\/wp-content\/uploads\/2025\/06\/manzana-cont-1.webp",500,300,false],"large":["https:\/\/primefresh.pl\/wp-content\/uploads\/2025\/06\/manzana-cont-1.webp",500,300,false],"1536x1536":["https:\/\/primefresh.pl\/wp-content\/uploads\/2025\/06\/manzana-cont-1.webp",500,300,false],"2048x2048":["https:\/\/primefresh.pl\/wp-content\/uploads\/2025\/06\/manzana-cont-1.webp",500,300,false]},"pbg_author_info":{"display_name":"admin","author_link":"https:\/\/primefresh.pl\/index.php\/author\/admin\/","author_img":"<img alt='admin' src='https:\/\/secure.gravatar.com\/avatar\/6a1ceb428a775551017f7f087c42c46f709a3408a7fc82a07e55c87553f8724e?s=128&#038;d=mm&#038;r=g' srcset='https:\/\/secure.gravatar.com\/avatar\/6a1ceb428a775551017f7f087c42c46f709a3408a7fc82a07e55c87553f8724e?s=256&#038;d=mm&#038;r=g 2x' class='avatar avatar-128 photo' height='128' width='128' loading='lazy' decoding='async'\/>"},"pbg_comment_info":" No Comments","pbg_excerpt":null,"_links":{"self":[{"href":"https:\/\/primefresh.pl\/index.php\/wp-json\/wp\/v2\/pages\/64","targetHints":{"allow":["GET"]}}],"collection":[{"href":"https:\/\/primefresh.pl\/index.php\/wp-json\/wp\/v2\/pages"}],"about":[{"href":"https:\/\/primefresh.pl\/index.php\/wp-json\/wp\/v2\/types\/page"}],"author":[{"embeddable":true,"href":"https:\/\/primefresh.pl\/index.php\/wp-json\/wp\/v2\/users\/1"}],"replies":[{"embeddable":true,"href":"https:\/\/primefresh.pl\/index.php\/wp-json\/wp\/v2\/comments?post=64"}],"version-history":[{"count":2,"href":"https:\/\/primefresh.pl\/index.php\/wp-json\/wp\/v2\/pages\/64\/revisions"}],"predecessor-version":[{"id":1232,"href":"https:\/\/primefresh.pl\/index.php\/wp-json\/wp\/v2\/pages\/64\/revisions\/1232"}],"wp:featuredmedia":[{"embeddable":true,"href":"https:\/\/primefresh.pl\/index.php\/wp-json\/wp\/v2\/media\/277"}],"wp:attachment":[{"href":"https:\/\/primefresh.pl\/index.php\/wp-json\/wp\/v2\/media?parent=64"}],"curies":[{"name":"wp","href":"https:\/\/api.w.org\/{rel}","templated":true}]}}