{"id":66,"date":"2025-06-20T09:38:34","date_gmt":"2025-06-20T09:38:34","guid":{"rendered":"https:\/\/ekg.jel.mybluehost.me\/website_d00f3b9d\/?page_id=66"},"modified":"2025-07-10T21:39:29","modified_gmt":"2025-07-10T19:39:29","slug":"gruszki-hurt-prime-fresh","status":"publish","type":"page","link":"https:\/\/primefresh.pl\/index.php\/gruszki-hurt-prime-fresh\/","title":{"rendered":"Gruszki hurt \u2013 Prime Fresh"},"content":{"rendered":"\n<div class=\"wp-block-premium-container premium-container-81110afefda0  alignfull premium-is-root-container\"><div class=\"premium-container-inner-blocks-wrap\">\n<div class=\"wp-block-premium-heading premium-heading default premium-heading-7b36437e6e27\"><div class=\"premium-title-container default \" data-backgroundtext=\"\" id=\"premium-heading-7b36437e6e27\" data-icontype=\"icon\"><h1 class=\"premium-title-header premium-title-default__wrap  \" data-blur-delay=\"\" data-shiny-dur=\"\"><span class=\"premium-title-text-title\" style=\"min-height:15px;color:var(--theme-palette-color-8, #ffffff);text-shadow:0px 0px 10px transparent\">Gruszki Prime Fresh<\/span><\/h1><\/div><\/div>\n\n\n\n<p class=\"has-text-align-center has-palette-color-8-color has-text-color has-link-color wp-elements-5fa0a8555a20b6d66198b2b06c3a9156\"><strong>Delikatna s\u0142odycz w idealnej formie! Perfekcyjne do sprzeda\u017cy luzem, sok\u00f3w i eleganckich deser\u00f3w.<\/strong><\/p>\n<\/div><\/div>\n\n\n\n<div class=\"wp-block-premium-container premium-container-0843aa8bcdd8  alignfull premium-is-root-container\"><div class=\"premium-container-inner-blocks-wrap\">\n<div class=\"wp-block-premium-container premium-container-66a91f5fc25e \"><div class=\"premium-container-inner-blocks-wrap\">\n<figure class=\"wp-block-premium-image premium-image  premium-image-503b92b14524\"><div class=\"premium-image-container\"><div class=\"premium-image-wrap premium-image-wrap-none \"><img loading=\"lazy\" decoding=\"async\" src=\"http:\/\/primefresh.pl\/wp-content\/uploads\/2025\/06\/peras-cont-1.webp\" alt=\"\" class=\"pbg-image-342 wp-image-342\" width=\"500\" height=\"300\" srcset=\"https:\/\/primefresh.pl\/wp-content\/uploads\/2025\/06\/peras-cont-1.webp 500w, https:\/\/primefresh.pl\/wp-content\/uploads\/2025\/06\/peras-cont-1-300x180.webp 300w\" sizes=\"auto, (max-width: 500px) 100vw, 500px\" \/><\/div><\/div><\/figure>\n<\/div><\/div>\n\n\n\n<div class=\"wp-block-premium-container premium-container-1b1e17d92652 \"><div class=\"premium-container-inner-blocks-wrap\">\n<div class=\"wp-block-premium-heading premium-heading default premium-heading-643809fec2b4\"><div class=\"premium-title-container default \" data-backgroundtext=\"\" id=\"premium-heading-643809fec2b4\" data-icontype=\"icon\"><h2 class=\"premium-title-header premium-title-default__wrap  \" data-blur-delay=\"\" data-shiny-dur=\"\"><span class=\"premium-title-text-title\" style=\"min-height:15px;text-shadow:0px 0px 10px transparent\">Gruszki<\/span><\/h2><\/div><\/div>\n\n\n\n<div class=\"wp-block-premium-text premium-text-ef73cfb8fd95 premium-text\"><p class=\"premium-text-wrap\"><strong>Sezon: <\/strong><br>Sierpien- Kwiecien<br><br><strong>Odmiany:<\/strong><br>Konferencja, Lukas\u00f3wka<br><br><strong>Kalibry:<\/strong> <br>55+, 60+<br><br><strong>Opakowanie:<\/strong><br>Karton, Flowpack, Worek<br><br><strong>Powierzchnia: <\/strong><br>22,94ha<br><br><strong>Certyfikaty:<\/strong><br>\u041d\u0410\u0421\u0421\u0420<\/p><\/div>\n<\/div><\/div>\n<\/div><\/div>\n\n\n\n<div class=\"wp-block-premium-container premium-container-b239c0bbf340  alignfull premium-is-root-container\" style=\"overflow:default\"><div class=\"premium-container-inner-blocks-wrap\">\n<h2 class=\"wp-block-heading has-palette-color-8-color has-text-color has-link-color wp-elements-beda4ec5ec75ae43055786d1c3804513\">Gruszki<\/h2>\n\n\n\n<p class=\"has-text-align-center has-palette-color-8-color has-text-color has-link-color wp-elements-229238dddd4979bfe0da074e0dbe68c7\"><strong>Nasze gruszki uprawiamy w sadach Mazowsza, gdzie \u017cyzne ziemie nadaj\u0105 im aksamitn\u0105 tekstur\u0119 i harmonijn\u0105 s\u0142odycz. Zbieramy je ostro\u017cnie r\u0119cznie, gdy osi\u0105gn\u0105 optymaln\u0105 dojrza\u0142o\u015b\u0107, a nast\u0119pnie przechowujemy w kontrolowanej atmosferze, by zachowa\u0107 ich delikatny aromat. Odmiany takie jak Konferencja czy Lukas\u00f3wka cenione s\u0105 przez europejskich dystrybutor\u00f3w za idealny balans smaku i trwa\u0142o\u015bci \u2013 to prawdziwa duma polskiego sadownictwa!<\/strong><\/p>\n<\/div><\/div>\n\n\n\n<div class=\"wp-block-premium-container premium-container-2465d5f040a0  alignfull premium-is-root-container\"><div class=\"premium-container-inner-blocks-wrap\">\n<div class=\"wp-block-premium-container premium-container-7fc8bfeedb1f \"><div class=\"premium-container-inner-blocks-wrap\">\n<div class=\"wp-block-premium-icon-box premium-icon-box-ff7ba76e2bf0 is-style-default\"><div class=\"premium-icon-box-content is-style-default left\" style=\"border-style:solid;border-color:var(--theme-palette-color-1, #4D9F45)\">\n<div class=\"wp-block-premium-text premium-text-0bc3f2efde47 premium-text\"><h3 class=\"premium-text-wrap\">Konferencja<\/h3><\/div>\n\n\n\n<div class=\"wp-block-premium-text premium-text-947917494ff3 premium-text\"><p class=\"premium-text-wrap\"><strong>Sezon: <\/strong><br>Sierpien- Kwiecien<br><br><strong>Kalibry:<\/strong> <br>55+, 60+<br><br><strong>Opakowanie:<\/strong><br>Karton, Flowpack, Worek<br><br><strong>Certyfikaty:<\/strong><br>\u041d\u0410\u0421\u0421\u0420<\/p><\/div>\n<\/div><\/div>\n<\/div><\/div>\n\n\n\n<div class=\"wp-block-premium-container premium-container-d05a937e735c \"><div class=\"premium-container-inner-blocks-wrap\">\n<div class=\"wp-block-premium-icon-box premium-icon-box-132280cb99e9 is-style-default\"><div class=\"premium-icon-box-content is-style-default left\" style=\"border-style:solid;border-color:var(--theme-palette-color-1, #4D9F45)\">\n<div class=\"wp-block-premium-text premium-text-9068b8a16c96 premium-text\"><h3 class=\"premium-text-wrap\">Lukas\u00f3wka<\/h3><\/div>\n\n\n\n<div class=\"wp-block-premium-text premium-text-16fb72f1e016 premium-text\"><p class=\"premium-text-wrap\"><strong>Sezon: <\/strong><br>Sierpien- Kwiecien<br><br><strong>Kalibry:<\/strong> <br>55+, 60+<br><br><strong>Opakowanie:<\/strong><br>Karton, Flowpack, Worek<br><br><strong>Certyfikaty:<\/strong><br>\u041d\u0410\u0421\u0421\u0420<\/p><\/div>\n<\/div><\/div>\n<\/div><\/div>\n<\/div><\/div>\n\n\n\n<div class=\"wp-block-premium-container premium-container-e44fd67ed167  alignfull premium-is-root-container\"><div class=\"premium-container-inner-blocks-wrap\">\n<figure class=\"wp-block-premium-image premium-image  premium-image-d241dd7d75d1\"><div class=\"premium-image-container\"><div class=\"premium-image-wrap premium-image-wrap-none \"><img loading=\"lazy\" decoding=\"async\" src=\"http:\/\/primefresh.pl\/wp-content\/uploads\/2025\/06\/peras-bottom-1-1024x480.webp\" alt=\"\" class=\"pbg-image-340 wp-image-340\" width=\"1024\" height=\"480\" srcset=\"https:\/\/primefresh.pl\/wp-content\/uploads\/2025\/06\/peras-bottom-1-1024x480.webp 1024w, https:\/\/primefresh.pl\/wp-content\/uploads\/2025\/06\/peras-bottom-1-300x141.webp 300w, https:\/\/primefresh.pl\/wp-content\/uploads\/2025\/06\/peras-bottom-1-768x360.webp 768w, https:\/\/primefresh.pl\/wp-content\/uploads\/2025\/06\/peras-bottom-1.webp 1280w\" sizes=\"auto, (max-width: 1024px) 100vw, 1024px\" \/><\/div><\/div><\/figure>\n<\/div><\/div>\n","protected":false},"excerpt":{"rendered":"","protected":false},"author":1,"featured_media":338,"parent":0,"menu_order":0,"comment_status":"closed","ping_status":"closed","template":"","meta":{"footnotes":""},"class_list":["post-66","page","type-page","status-publish","has-post-thumbnail","hentry"],"blocksy_meta":[],"pbg_featured_image_src":{"full":["https:\/\/primefresh.pl\/wp-content\/uploads\/2025\/06\/banner-peras-1.webp",1280,720,false],"thumbnail":["https:\/\/primefresh.pl\/wp-content\/uploads\/2025\/06\/banner-peras-1-150x150.webp",150,150,true],"medium":["https:\/\/primefresh.pl\/wp-content\/uploads\/2025\/06\/banner-peras-1-300x169.webp",300,169,true],"medium_large":["https:\/\/primefresh.pl\/wp-content\/uploads\/2025\/06\/banner-peras-1-768x432.webp",768,432,true],"large":["https:\/\/primefresh.pl\/wp-content\/uploads\/2025\/06\/banner-peras-1-1024x576.webp",1024,576,true],"1536x1536":["https:\/\/primefresh.pl\/wp-content\/uploads\/2025\/06\/banner-peras-1.webp",1280,720,false],"2048x2048":["https:\/\/primefresh.pl\/wp-content\/uploads\/2025\/06\/banner-peras-1.webp",1280,720,false]},"pbg_author_info":{"display_name":"admin","author_link":"https:\/\/primefresh.pl\/index.php\/author\/admin\/","author_img":"<img alt='admin' src='https:\/\/secure.gravatar.com\/avatar\/6a1ceb428a775551017f7f087c42c46f709a3408a7fc82a07e55c87553f8724e?s=128&#038;d=mm&#038;r=g' srcset='https:\/\/secure.gravatar.com\/avatar\/6a1ceb428a775551017f7f087c42c46f709a3408a7fc82a07e55c87553f8724e?s=256&#038;d=mm&#038;r=g 2x' class='avatar avatar-128 photo' height='128' width='128' loading='lazy' decoding='async'\/>"},"pbg_comment_info":" No Comments","pbg_excerpt":null,"_links":{"self":[{"href":"https:\/\/primefresh.pl\/index.php\/wp-json\/wp\/v2\/pages\/66","targetHints":{"allow":["GET"]}}],"collection":[{"href":"https:\/\/primefresh.pl\/index.php\/wp-json\/wp\/v2\/pages"}],"about":[{"href":"https:\/\/primefresh.pl\/index.php\/wp-json\/wp\/v2\/types\/page"}],"author":[{"embeddable":true,"href":"https:\/\/primefresh.pl\/index.php\/wp-json\/wp\/v2\/users\/1"}],"replies":[{"embeddable":true,"href":"https:\/\/primefresh.pl\/index.php\/wp-json\/wp\/v2\/comments?post=66"}],"version-history":[{"count":2,"href":"https:\/\/primefresh.pl\/index.php\/wp-json\/wp\/v2\/pages\/66\/revisions"}],"predecessor-version":[{"id":1236,"href":"https:\/\/primefresh.pl\/index.php\/wp-json\/wp\/v2\/pages\/66\/revisions\/1236"}],"wp:featuredmedia":[{"embeddable":true,"href":"https:\/\/primefresh.pl\/index.php\/wp-json\/wp\/v2\/media\/338"}],"wp:attachment":[{"href":"https:\/\/primefresh.pl\/index.php\/wp-json\/wp\/v2\/media?parent=66"}],"curies":[{"name":"wp","href":"https:\/\/api.w.org\/{rel}","templated":true}]}}