{"id":68,"date":"2025-06-20T09:39:54","date_gmt":"2025-06-20T09:39:54","guid":{"rendered":"https:\/\/ekg.jel.mybluehost.me\/website_d00f3b9d\/?page_id=68"},"modified":"2025-07-10T21:36:16","modified_gmt":"2025-07-10T19:36:16","slug":"czeresnie-hurt-prime-fresh","status":"publish","type":"page","link":"https:\/\/primefresh.pl\/index.php\/czeresnie-hurt-prime-fresh\/","title":{"rendered":"Czere\u015bnie hurt \u2013 Prime Fresh"},"content":{"rendered":"\n<div class=\"wp-block-premium-container premium-container-fd8da3effd09  alignfull premium-is-root-container\"><div class=\"premium-container-inner-blocks-wrap\">\n<div class=\"wp-block-premium-heading premium-heading default premium-heading-812141e7a62e\"><div class=\"premium-title-container default \" data-backgroundtext=\"\" id=\"premium-heading-812141e7a62e\" data-icontype=\"icon\"><h1 class=\"premium-title-header premium-title-default__wrap  \" data-blur-delay=\"\" data-shiny-dur=\"\"><span class=\"premium-title-text-title\" style=\"min-height:15px;color:var(--theme-palette-color-8, #ffffff);text-shadow:0px 0px 10px transparent\">Czere\u015bnie Prime Fresh<\/span><\/h1><\/div><\/div>\n\n\n\n<p class=\"has-text-align-center has-palette-color-8-color has-text-color has-link-color wp-elements-b9ec224f862367ab9042aa20dd7ed906\">Czere\u015bnie Prime Fresh \u2013 s\u0142odkie klejnoty polskiego lata! Perfekcyjne do sprzeda\u017cy \u015bwie\u017cej i przetw\u00f3rstwa premium.<\/p>\n<\/div><\/div>\n\n\n\n<div class=\"wp-block-premium-container premium-container-f13d36174f37  alignfull premium-is-root-container\"><div class=\"premium-container-inner-blocks-wrap\">\n<div class=\"wp-block-premium-container premium-container-cc84846c0042 \"><div class=\"premium-container-inner-blocks-wrap\">\n<figure class=\"wp-block-premium-image premium-image  premium-image-6aec85b35da4\"><div class=\"premium-image-container\"><div class=\"premium-image-wrap premium-image-wrap-none \"><img loading=\"lazy\" decoding=\"async\" src=\"http:\/\/primefresh.pl\/wp-content\/uploads\/2025\/06\/cerezas-cont-1.webp\" alt=\"\" class=\"pbg-image-321 wp-image-321\" width=\"500\" height=\"300\" srcset=\"https:\/\/primefresh.pl\/wp-content\/uploads\/2025\/06\/cerezas-cont-1.webp 500w, https:\/\/primefresh.pl\/wp-content\/uploads\/2025\/06\/cerezas-cont-1-300x180.webp 300w\" sizes=\"auto, (max-width: 500px) 100vw, 500px\" \/><\/div><\/div><\/figure>\n<\/div><\/div>\n\n\n\n<div class=\"wp-block-premium-container premium-container-c8707b13c858 \"><div class=\"premium-container-inner-blocks-wrap\">\n<div class=\"wp-block-premium-heading premium-heading default premium-heading-733fc312963f\"><div class=\"premium-title-container default \" data-backgroundtext=\"\" id=\"premium-heading-733fc312963f\" data-icontype=\"icon\"><h2 class=\"premium-title-header premium-title-default__wrap  \" data-blur-delay=\"\" data-shiny-dur=\"\"><span class=\"premium-title-text-title\" style=\"min-height:15px;text-shadow:0px 0px 10px transparent\">Czere\u015bnie<\/span><\/h2><\/div><\/div>\n\n\n\n<div class=\"wp-block-premium-text premium-text-09d7ca36d48a premium-text\"><p class=\"premium-text-wrap\"><strong>Sezon: <\/strong><br>Czerwiec &#8211; Lipiec<br><br><strong>Odmiany:<\/strong><br>Pozna\u0144ska, Coldia, Regina <br><br><strong>Kalibry:<\/strong> <br>22mm+<br><br><strong>Opakowanie:<\/strong><br>Karton, skrzyneczka drewniana<br><br><strong>Powierzchnia: <\/strong><br>10,59ha<br><br><strong>Certyfikaty:<\/strong><br>HACCP<\/p><\/div>\n<\/div><\/div>\n<\/div><\/div>\n\n\n\n<div class=\"wp-block-premium-container premium-container-0b5320a6bfb9  alignfull premium-is-root-container\" style=\"overflow:default\"><div class=\"premium-container-inner-blocks-wrap\">\n<h2 class=\"wp-block-heading\">Czere\u015bnie<\/h2>\n\n\n\n<p class=\"has-text-align-center has-palette-color-8-color has-text-color has-link-color wp-elements-6a087198d2e996787e386fdeb26c3bc4\"><strong>Nasze czere\u015bnie rosn\u0105 w s\u0142onecznych sadach Mazowsza, gdzie wyj\u0105tkowy mikroklimat nadaje im wywa\u017con\u0105 s\u0142odycz. Ka\u017cdy owoc zbieramy r\u0119cznie z najwy\u017csz\u0105 staranno\u015bci\u0105, a nast\u0119pnie b\u0142yskawicznie ch\u0142odzimy, by zachowa\u0107 ich chrupko\u015b\u0107 i \u015bwie\u017co\u015b\u0107. Odmiany takie jak Burlat czy Regina cenione s\u0105 przez polskich szef\u00f3w kuchni za idealn\u0105 tekstur\u0119 i smak &#8211; to prawdziwa wizyt\u00f3wka polskiego sadownictwa<\/strong><\/p>\n<\/div><\/div>\n\n\n\n<div class=\"wp-block-premium-container premium-container-7160e604e52e  alignfull premium-is-root-container\"><div class=\"premium-container-inner-blocks-wrap\">\n<div class=\"wp-block-premium-container premium-container-7aafcd2291d0 \"><div class=\"premium-container-inner-blocks-wrap\">\n<div class=\"wp-block-premium-icon-box premium-icon-box-a60a59fea764 is-style-default\"><div class=\"premium-icon-box-content is-style-default left\" style=\"border-style:solid;border-color:var(--theme-palette-color-1, #4D9F45)\">\n<div class=\"wp-block-premium-text premium-text-c2389ac83fe6 premium-text\"><h3 class=\"premium-text-wrap\">Pozna\u0144ska<\/h3><\/div>\n\n\n\n<div class=\"wp-block-premium-text premium-text-093eedd98bdc premium-text\"><p class=\"premium-text-wrap\"><strong>Sezon: <\/strong><br>Czerwiec &#8211; Lipiec<br><br><strong>Kalibry:<\/strong> <br>22mm+<br><br><strong>Opakowanie:<\/strong><br>Karton, skrzyneczka drewniana<br><br><strong>Certyfikaty:<\/strong><br>HACCP<\/p><\/div>\n<\/div><\/div>\n<\/div><\/div>\n\n\n\n<div class=\"wp-block-premium-container premium-container-0e249f027431 \"><div class=\"premium-container-inner-blocks-wrap\">\n<div class=\"wp-block-premium-icon-box premium-icon-box-3051ac4bd208 is-style-default\"><div class=\"premium-icon-box-content is-style-default left\" style=\"border-style:solid;border-color:var(--theme-palette-color-1, #4D9F45)\">\n<div class=\"wp-block-premium-text premium-text-fa06c21f5aba premium-text\"><h3 class=\"premium-text-wrap\">Coldia<\/h3><\/div>\n\n\n\n<div class=\"wp-block-premium-text premium-text-8bfd0850bceb premium-text\"><p class=\"premium-text-wrap\"><strong>Sezon: <\/strong><br>Czerwiec &#8211; Lipiec<br><br><strong>Kalibry:<\/strong> <br>22mm+<br><br><strong>Opakowanie:<\/strong><br>Karton, skrzyneczka drewniana<br><br><strong>Certyfikaty:<\/strong><br>HACCP<\/p><\/div>\n<\/div><\/div>\n<\/div><\/div>\n\n\n\n<div class=\"wp-block-premium-container premium-container-ff017e3ee9fd \"><div class=\"premium-container-inner-blocks-wrap\">\n<div class=\"wp-block-premium-icon-box premium-icon-box-b88290c8f8fe is-style-default\"><div class=\"premium-icon-box-content is-style-default left\" style=\"border-style:solid;border-color:var(--theme-palette-color-1, #4D9F45)\">\n<div class=\"wp-block-premium-text premium-text-a8c9f63d4c5f premium-text\"><h3 class=\"premium-text-wrap\">Regina <\/h3><\/div>\n\n\n\n<div class=\"wp-block-premium-text premium-text-a3f4d08de99b premium-text\"><p class=\"premium-text-wrap\"><strong>Sezon: <\/strong><br>Czerwiec &#8211; Lipiec<br><br><strong>Kalibry:<\/strong> <br>22mm+<br><br><strong>Opakowanie:<\/strong><br>Karton, skrzyneczka drewniana<br><br><strong>Certyfikaty:<\/strong><br>HACCP<\/p><\/div>\n<\/div><\/div>\n<\/div><\/div>\n<\/div><\/div>\n\n\n\n<div class=\"wp-block-premium-container premium-container-cf23b5475efa  alignfull premium-is-root-container\"><div class=\"premium-container-inner-blocks-wrap\">\n<figure class=\"wp-block-premium-image premium-image  premium-image-4496975a52b2\"><div class=\"premium-image-container\"><div class=\"premium-image-wrap premium-image-wrap-none \"><img loading=\"lazy\" decoding=\"async\" src=\"http:\/\/primefresh.pl\/wp-content\/uploads\/2025\/06\/cerezas-bottom-1-1024x480.webp\" alt=\"\" class=\"pbg-image-319 wp-image-319\" width=\"1024\" height=\"480\" srcset=\"https:\/\/primefresh.pl\/wp-content\/uploads\/2025\/06\/cerezas-bottom-1-1024x480.webp 1024w, https:\/\/primefresh.pl\/wp-content\/uploads\/2025\/06\/cerezas-bottom-1-300x141.webp 300w, https:\/\/primefresh.pl\/wp-content\/uploads\/2025\/06\/cerezas-bottom-1-768x360.webp 768w, https:\/\/primefresh.pl\/wp-content\/uploads\/2025\/06\/cerezas-bottom-1.webp 1280w\" sizes=\"auto, (max-width: 1024px) 100vw, 1024px\" \/><\/div><\/div><\/figure>\n<\/div><\/div>\n","protected":false},"excerpt":{"rendered":"","protected":false},"author":1,"featured_media":317,"parent":0,"menu_order":0,"comment_status":"closed","ping_status":"closed","template":"","meta":{"footnotes":""},"class_list":["post-68","page","type-page","status-publish","has-post-thumbnail","hentry"],"blocksy_meta":[],"pbg_featured_image_src":{"full":["https:\/\/primefresh.pl\/wp-content\/uploads\/2025\/06\/banner-cerezas-1.webp",1280,720,false],"thumbnail":["https:\/\/primefresh.pl\/wp-content\/uploads\/2025\/06\/banner-cerezas-1-150x150.webp",150,150,true],"medium":["https:\/\/primefresh.pl\/wp-content\/uploads\/2025\/06\/banner-cerezas-1-300x169.webp",300,169,true],"medium_large":["https:\/\/primefresh.pl\/wp-content\/uploads\/2025\/06\/banner-cerezas-1-768x432.webp",768,432,true],"large":["https:\/\/primefresh.pl\/wp-content\/uploads\/2025\/06\/banner-cerezas-1-1024x576.webp",1024,576,true],"1536x1536":["https:\/\/primefresh.pl\/wp-content\/uploads\/2025\/06\/banner-cerezas-1.webp",1280,720,false],"2048x2048":["https:\/\/primefresh.pl\/wp-content\/uploads\/2025\/06\/banner-cerezas-1.webp",1280,720,false]},"pbg_author_info":{"display_name":"admin","author_link":"https:\/\/primefresh.pl\/index.php\/author\/admin\/","author_img":"<img alt='admin' src='https:\/\/secure.gravatar.com\/avatar\/6a1ceb428a775551017f7f087c42c46f709a3408a7fc82a07e55c87553f8724e?s=128&#038;d=mm&#038;r=g' srcset='https:\/\/secure.gravatar.com\/avatar\/6a1ceb428a775551017f7f087c42c46f709a3408a7fc82a07e55c87553f8724e?s=256&#038;d=mm&#038;r=g 2x' class='avatar avatar-128 photo' height='128' width='128' loading='lazy' decoding='async'\/>"},"pbg_comment_info":" No Comments","pbg_excerpt":null,"_links":{"self":[{"href":"https:\/\/primefresh.pl\/index.php\/wp-json\/wp\/v2\/pages\/68","targetHints":{"allow":["GET"]}}],"collection":[{"href":"https:\/\/primefresh.pl\/index.php\/wp-json\/wp\/v2\/pages"}],"about":[{"href":"https:\/\/primefresh.pl\/index.php\/wp-json\/wp\/v2\/types\/page"}],"author":[{"embeddable":true,"href":"https:\/\/primefresh.pl\/index.php\/wp-json\/wp\/v2\/users\/1"}],"replies":[{"embeddable":true,"href":"https:\/\/primefresh.pl\/index.php\/wp-json\/wp\/v2\/comments?post=68"}],"version-history":[{"count":2,"href":"https:\/\/primefresh.pl\/index.php\/wp-json\/wp\/v2\/pages\/68\/revisions"}],"predecessor-version":[{"id":1234,"href":"https:\/\/primefresh.pl\/index.php\/wp-json\/wp\/v2\/pages\/68\/revisions\/1234"}],"wp:featuredmedia":[{"embeddable":true,"href":"https:\/\/primefresh.pl\/index.php\/wp-json\/wp\/v2\/media\/317"}],"wp:attachment":[{"href":"https:\/\/primefresh.pl\/index.php\/wp-json\/wp\/v2\/media?parent=68"}],"curies":[{"name":"wp","href":"https:\/\/api.w.org\/{rel}","templated":true}]}}