{"id":70,"date":"2025-06-20T09:41:30","date_gmt":"2025-06-20T09:41:30","guid":{"rendered":"https:\/\/ekg.jel.mybluehost.me\/website_d00f3b9d\/?page_id=70"},"modified":"2025-07-10T21:35:36","modified_gmt":"2025-07-10T19:35:36","slug":"sliwki-hurt-prime-fresh","status":"publish","type":"page","link":"https:\/\/primefresh.pl\/index.php\/sliwki-hurt-prime-fresh\/","title":{"rendered":"\u015aliwki hurt \u2013 Prime Fresh"},"content":{"rendered":"\n<div class=\"wp-block-premium-container premium-container-f24ce139308d  alignfull premium-is-root-container\"><div class=\"premium-container-inner-blocks-wrap\">\n<div class=\"wp-block-premium-heading premium-heading default premium-heading-66d570fde566\"><div class=\"premium-title-container default \" data-backgroundtext=\"\" id=\"premium-heading-66d570fde566\" data-icontype=\"icon\"><h1 class=\"premium-title-header premium-title-default__wrap  \" data-blur-delay=\"\" data-shiny-dur=\"\"><span class=\"premium-title-text-title\" style=\"min-height:15px;color:var(--theme-palette-color-8, #ffffff);text-shadow:0px 0px 10px transparent\">\u015aliwki Prime Fresh<\/span><\/h1><\/div><\/div>\n\n\n\n<p class=\"has-text-align-center has-palette-color-8-color has-text-color has-link-color wp-elements-e23d49b302021aee1c75a8e01595ced2\"><strong>S\u0142odko-winny smak polskiego lata! Idealne na przetwory, do suszenia i deser\u00f3w.<\/strong><\/p>\n<\/div><\/div>\n\n\n\n<div class=\"wp-block-premium-container premium-container-179e4f0ae6f9  alignfull premium-is-root-container\"><div class=\"premium-container-inner-blocks-wrap\">\n<div class=\"wp-block-premium-container premium-container-1e561afeae80 \"><div class=\"premium-container-inner-blocks-wrap\">\n<figure class=\"wp-block-premium-image premium-image  premium-image-11502869f8f1\"><div class=\"premium-image-container\"><div class=\"premium-image-wrap premium-image-wrap-none \"><img loading=\"lazy\" decoding=\"async\" src=\"http:\/\/primefresh.pl\/wp-content\/uploads\/2025\/06\/ciruela-cont-1.webp\" alt=\"\" class=\"pbg-image-308 wp-image-308\" width=\"500\" height=\"300\" srcset=\"https:\/\/primefresh.pl\/wp-content\/uploads\/2025\/06\/ciruela-cont-1.webp 500w, https:\/\/primefresh.pl\/wp-content\/uploads\/2025\/06\/ciruela-cont-1-300x180.webp 300w\" sizes=\"auto, (max-width: 500px) 100vw, 500px\" \/><\/div><\/div><\/figure>\n<\/div><\/div>\n\n\n\n<div class=\"wp-block-premium-container premium-container-8a556395e1c1 \"><div class=\"premium-container-inner-blocks-wrap\">\n<div class=\"wp-block-premium-heading premium-heading default premium-heading-71bb68283773\"><div class=\"premium-title-container default \" data-backgroundtext=\"\" id=\"premium-heading-71bb68283773\" data-icontype=\"icon\"><h2 class=\"premium-title-header premium-title-default__wrap  \" data-blur-delay=\"\" data-shiny-dur=\"\"><span class=\"premium-title-text-title\" style=\"min-height:15px;text-shadow:0px 0px 10px transparent\">\u015aliwki<\/span><\/h2><\/div><\/div>\n\n\n\n<div class=\"wp-block-premium-text premium-text-fc372ce0d943 premium-text\"><p class=\"premium-text-wrap\"><strong>Sezon: <\/strong><br>Sierpie\u0144 &#8211; Listopad<br><br><strong>Odmiany:<\/strong><br>Lepotica, Mares, W\u0119gierka <br><br><strong>Kalibry:<\/strong> <br>35mm+<br><br><strong>Opakowanie:<\/strong><br>Karton <br><br><strong>Powierzchnia: <\/strong><br>16ha<br><br><strong>Certyfikaty:<\/strong><br>GlobalGAP, Certyfikat Ekologiczny, HACCP<\/p><\/div>\n<\/div><\/div>\n<\/div><\/div>\n\n\n\n<div class=\"wp-block-premium-container premium-container-8d82481d3c3b  alignfull premium-is-root-container\" style=\"overflow:default\"><div class=\"premium-container-inner-blocks-wrap\">\n<h2 class=\"wp-block-heading\">\u015aliwki Prime Fresh<\/h2>\n\n\n\n<p class=\"has-text-align-center has-palette-color-8-color has-text-color has-link-color wp-elements-28122d34be38f14d46be8656ea34d376\"><strong>Nasze \u015bliwki dojrzewaj\u0105 w sadach, gdzie \u017cyzna gleba i \u0142agodny klimat nadaj\u0105 im charakterystyczn\u0105, g\u0142\u0119bok\u0105 s\u0142odycz z lekk\u0105 winn\u0105 nut\u0105. Zbieramy je r\u0119cznie w szczytowym momencie dojrza\u0142o\u015bci, by zachowa\u0107 ich soczysto\u015b\u0107 i aromat. Dzi\u0119ki wysokiej zawarto\u015bci pektyn i witaminy K, \u015bliwki Prime Fresh s\u0105 nie tylko pyszne, ale i korzystne dla zdrowia \u2013 uwielbiane przez klient\u00f3w w kraju jako baza dla powide\u0142 i zdrowych przek\u0105sek!<\/strong><\/p>\n<\/div><\/div>\n\n\n\n<div class=\"wp-block-premium-container premium-container-10e39010bbb2  alignfull premium-is-root-container\"><div class=\"premium-container-inner-blocks-wrap\">\n<div class=\"wp-block-premium-container premium-container-3eb4821474aa \"><div class=\"premium-container-inner-blocks-wrap\">\n<div class=\"wp-block-premium-icon-box premium-icon-box-6fa12d5d546e is-style-default\"><div class=\"premium-icon-box-content is-style-default left\" style=\"border-style:solid;border-color:var(--theme-palette-color-1, #4D9F45)\">\n<div class=\"wp-block-premium-text premium-text-e1364e632660 premium-text\"><h3 class=\"premium-text-wrap\">Lepotica<\/h3><\/div>\n\n\n\n<div class=\"wp-block-premium-text premium-text-5a26c290ab02 premium-text\"><p class=\"premium-text-wrap\"><strong>Sezon: <\/strong><br>Sierpie\u0144 &#8211; Listopad<br><br><strong>Kalibry:<\/strong> <br>35mm+<br><br><strong>Opakowanie:<\/strong><br>Karton <br><br><strong>Certyfikaty:<\/strong><br>GlobalGAP, Certyfikat Ekologiczny, HACCP<\/p><\/div>\n<\/div><\/div>\n<\/div><\/div>\n\n\n\n<div class=\"wp-block-premium-container premium-container-746fef37577f \"><div class=\"premium-container-inner-blocks-wrap\">\n<div class=\"wp-block-premium-icon-box premium-icon-box-49ea7e904ff1 is-style-default\"><div class=\"premium-icon-box-content is-style-default left\" style=\"border-style:solid;border-color:var(--theme-palette-color-1, #4D9F45)\">\n<div class=\"wp-block-premium-text premium-text-f881c9149309 premium-text\"><h3 class=\"premium-text-wrap\">Mares<\/h3><\/div>\n\n\n\n<div class=\"wp-block-premium-text premium-text-f988e40d4345 premium-text\"><p class=\"premium-text-wrap\"><strong>Sezon: <\/strong><br>Sierpie\u0144 &#8211; Listopad<br><br><strong>Kalibry:<\/strong> <br>35mm+<br><br><strong>Opakowanie:<\/strong><br>Karton <br><br><strong>Certyfikaty:<\/strong><br>GlobalGAP, Certyfikat Ekologiczny, HACCP<\/p><\/div>\n<\/div><\/div>\n<\/div><\/div>\n\n\n\n<div class=\"wp-block-premium-container premium-container-3c8d1ff30125 \"><div class=\"premium-container-inner-blocks-wrap\">\n<div class=\"wp-block-premium-icon-box premium-icon-box-3ce9a2b6c8b6 is-style-default\"><div class=\"premium-icon-box-content is-style-default left\" style=\"border-style:solid;border-color:var(--theme-palette-color-1, #4D9F45)\">\n<div class=\"wp-block-premium-text premium-text-35edc0f979aa premium-text\"><h3 class=\"premium-text-wrap\">W\u0119gierka<\/h3><\/div>\n\n\n\n<div class=\"wp-block-premium-text premium-text-0f1d24059020 premium-text\"><p class=\"premium-text-wrap\"><strong>Sezon: <\/strong><br>Sierpie\u0144 &#8211; Listopad<br><br><strong>Kalibry:<\/strong> <br>35mm+<br><br><strong>Opakowanie:<\/strong><br>Karton <br><br><strong>Certyfikaty:<\/strong><br>GlobalGAP, Certyfikat Ekologiczny, HACCP<\/p><\/div>\n<\/div><\/div>\n<\/div><\/div>\n<\/div><\/div>\n\n\n\n<div class=\"wp-block-premium-container premium-container-b5c5c5d3664d  alignfull premium-is-root-container\"><div class=\"premium-container-inner-blocks-wrap\">\n<figure class=\"wp-block-premium-image premium-image  premium-image-356867e84a08\"><div class=\"premium-image-container\"><div class=\"premium-image-wrap premium-image-wrap-none \"><img loading=\"lazy\" decoding=\"async\" src=\"http:\/\/primefresh.pl\/wp-content\/uploads\/2025\/06\/ciruela-bottom-1-1024x480.webp\" alt=\"\" class=\"pbg-image-306 wp-image-306\" width=\"1024\" height=\"480\" srcset=\"https:\/\/primefresh.pl\/wp-content\/uploads\/2025\/06\/ciruela-bottom-1-1024x480.webp 1024w, https:\/\/primefresh.pl\/wp-content\/uploads\/2025\/06\/ciruela-bottom-1-300x141.webp 300w, https:\/\/primefresh.pl\/wp-content\/uploads\/2025\/06\/ciruela-bottom-1-768x360.webp 768w, https:\/\/primefresh.pl\/wp-content\/uploads\/2025\/06\/ciruela-bottom-1.webp 1280w\" sizes=\"auto, (max-width: 1024px) 100vw, 1024px\" \/><\/div><\/div><\/figure>\n<\/div><\/div>\n","protected":false},"excerpt":{"rendered":"","protected":false},"author":1,"featured_media":304,"parent":0,"menu_order":0,"comment_status":"closed","ping_status":"closed","template":"","meta":{"footnotes":""},"class_list":["post-70","page","type-page","status-publish","has-post-thumbnail","hentry"],"blocksy_meta":[],"pbg_featured_image_src":{"full":["https:\/\/primefresh.pl\/wp-content\/uploads\/2025\/06\/ciruela-banner-1.webp",1280,720,false],"thumbnail":["https:\/\/primefresh.pl\/wp-content\/uploads\/2025\/06\/ciruela-banner-1-150x150.webp",150,150,true],"medium":["https:\/\/primefresh.pl\/wp-content\/uploads\/2025\/06\/ciruela-banner-1-300x169.webp",300,169,true],"medium_large":["https:\/\/primefresh.pl\/wp-content\/uploads\/2025\/06\/ciruela-banner-1-768x432.webp",768,432,true],"large":["https:\/\/primefresh.pl\/wp-content\/uploads\/2025\/06\/ciruela-banner-1-1024x576.webp",1024,576,true],"1536x1536":["https:\/\/primefresh.pl\/wp-content\/uploads\/2025\/06\/ciruela-banner-1.webp",1280,720,false],"2048x2048":["https:\/\/primefresh.pl\/wp-content\/uploads\/2025\/06\/ciruela-banner-1.webp",1280,720,false]},"pbg_author_info":{"display_name":"admin","author_link":"https:\/\/primefresh.pl\/index.php\/author\/admin\/","author_img":"<img alt='admin' src='https:\/\/secure.gravatar.com\/avatar\/6a1ceb428a775551017f7f087c42c46f709a3408a7fc82a07e55c87553f8724e?s=128&#038;d=mm&#038;r=g' srcset='https:\/\/secure.gravatar.com\/avatar\/6a1ceb428a775551017f7f087c42c46f709a3408a7fc82a07e55c87553f8724e?s=256&#038;d=mm&#038;r=g 2x' class='avatar avatar-128 photo' height='128' width='128' loading='lazy' decoding='async'\/>"},"pbg_comment_info":" No Comments","pbg_excerpt":null,"_links":{"self":[{"href":"https:\/\/primefresh.pl\/index.php\/wp-json\/wp\/v2\/pages\/70","targetHints":{"allow":["GET"]}}],"collection":[{"href":"https:\/\/primefresh.pl\/index.php\/wp-json\/wp\/v2\/pages"}],"about":[{"href":"https:\/\/primefresh.pl\/index.php\/wp-json\/wp\/v2\/types\/page"}],"author":[{"embeddable":true,"href":"https:\/\/primefresh.pl\/index.php\/wp-json\/wp\/v2\/users\/1"}],"replies":[{"embeddable":true,"href":"https:\/\/primefresh.pl\/index.php\/wp-json\/wp\/v2\/comments?post=70"}],"version-history":[{"count":2,"href":"https:\/\/primefresh.pl\/index.php\/wp-json\/wp\/v2\/pages\/70\/revisions"}],"predecessor-version":[{"id":1233,"href":"https:\/\/primefresh.pl\/index.php\/wp-json\/wp\/v2\/pages\/70\/revisions\/1233"}],"wp:featuredmedia":[{"embeddable":true,"href":"https:\/\/primefresh.pl\/index.php\/wp-json\/wp\/v2\/media\/304"}],"wp:attachment":[{"href":"https:\/\/primefresh.pl\/index.php\/wp-json\/wp\/v2\/media?parent=70"}],"curies":[{"name":"wp","href":"https:\/\/api.w.org\/{rel}","templated":true}]}}