{"id":712,"date":"2025-06-18T16:49:41","date_gmt":"2025-06-18T16:49:41","guid":{"rendered":"https:\/\/ekg.jel.mybluehost.me\/website_d00f3b9d\/?page_id=23"},"modified":"2025-07-08T15:07:02","modified_gmt":"2025-07-08T13:07:02","slug":"kontakt-z-prime-fresh-zapraszamy-do-wspolpracy","status":"publish","type":"page","link":"https:\/\/primefresh.pl\/index.php\/kontakt-z-prime-fresh-zapraszamy-do-wspolpracy\/","title":{"rendered":"Kontakt z Prime Fresh zapraszamy do wsp\u00f3\u0142pracy!"},"content":{"rendered":"\n<div class=\"wp-block-premium-container premium-container-8d5e8399fc2e  alignfull premium-is-root-container\"><div class=\"premium-container-inner-blocks-wrap\">\n<div class=\"wp-block-premium-heading premium-heading default premium-heading-3264298ff2f2\"><div class=\"premium-title-container default \" data-backgroundtext=\"\" id=\"premium-heading-3264298ff2f2\" data-icontype=\"icon\"><h1 class=\"premium-title-header premium-title-default__wrap  \" data-blur-delay=\"\" data-shiny-dur=\"\"><span class=\"premium-title-text-title\" style=\"min-height:15px;color:var(--theme-palette-color-8, #ffffff);text-shadow:0px 0px 10px transparent\">Kontakt z Prime Fresh <br>Zapraszamy do wsp\u00f3\u0142pracy!<\/span><\/h1><\/div><\/div>\n<\/div><\/div>\n\n\n\n<div class=\"wp-block-premium-heading premium-heading default premium-heading-b8d1174c5980\"><div class=\"premium-title-container default \" data-backgroundtext=\"\" id=\"premium-heading-b8d1174c5980\" data-icontype=\"icon\"><h2 class=\"premium-title-header premium-title-default__wrap  \" data-blur-delay=\"\" data-shiny-dur=\"\"><span class=\"premium-title-text-title\" style=\"min-height:15px;text-shadow:0px 0px 10px transparent\"><strong>Masz pytania? Chcesz nawi\u0105za\u0107 wsp\u00f3\u0142prac\u0119?<\/strong> <br><strong>Z przyjemno\u015bci\u0105 porozmawiamy!<\/strong><\/span><\/h2><\/div><\/div>\n\n\n\n<div class=\"wp-block-premium-container premium-container-9b1c2d4dce48  alignfull premium-is-root-container\"><div class=\"premium-container-inner-blocks-wrap\">\n<div class=\"wp-block-premium-container premium-container-0e9eecea8955 \"><div class=\"premium-container-inner-blocks-wrap\">\n<figure class=\"wp-block-premium-image premium-image  premium-image-4397057db5eb\"><div class=\"premium-image-container\"><div class=\"premium-image-wrap premium-image-wrap-none \"><img loading=\"lazy\" decoding=\"async\" src=\"http:\/\/primefresh.pl\/wp-content\/uploads\/2025\/06\/contact-prime-fresh-1.webp\" alt=\"\" class=\"pbg-image-609 wp-image-609\" width=\"848\" height=\"400\"\/><\/div><\/div><\/figure>\n<\/div><\/div>\n\n\n\n<div class=\"wp-block-premium-container premium-container-2f2829732c7e \"><div class=\"premium-container-inner-blocks-wrap\"><\/div><\/div>\n<\/div><\/div>\n\n\n\n<div class=\"wp-block-premium-container premium-container-a5f0571615de  alignfull premium-is-root-container\"><div class=\"premium-container-inner-blocks-wrap\">\n<iframe src=\"https:\/\/www.google.com\/maps\/embed?pb=!1m18!1m12!1m3!1d2444.022419393357!2d21.001510597799637!3d52.22481048581288!2m3!1f0!2f0!3f0!3m2!1i1024!2i768!4f13.1!3m3!1m2!1s0x471ecced1c255555%3A0xa52ab4314c937ac7!2sHo%C5%BCa%2086%2Flok.%20410%2C%2000-682%20Warszawa!5e0!3m2!1ses!2spl!4v1751978905118!5m2!1ses!2spl\" width=\"1200\" height=\"450\" style=\"border:0;\" allowfullscreen=\"\" loading=\"lazy\" referrerpolicy=\"no-referrer-when-downgrade\"><\/iframe>\n<\/div><\/div>\n","protected":false},"excerpt":{"rendered":"","protected":false},"author":1,"featured_media":438,"parent":0,"menu_order":0,"comment_status":"closed","ping_status":"closed","template":"","meta":{"footnotes":""},"class_list":["post-712","page","type-page","status-publish","has-post-thumbnail","hentry"],"blocksy_meta":[],"pbg_featured_image_src":{"full":["https:\/\/primefresh.pl\/wp-content\/uploads\/2025\/06\/banner-manzana-contacto-1.webp",1280,720,false],"thumbnail":["https:\/\/primefresh.pl\/wp-content\/uploads\/2025\/06\/banner-manzana-contacto-1-150x150.webp",150,150,true],"medium":["https:\/\/primefresh.pl\/wp-content\/uploads\/2025\/06\/banner-manzana-contacto-1-300x169.webp",300,169,true],"medium_large":["https:\/\/primefresh.pl\/wp-content\/uploads\/2025\/06\/banner-manzana-contacto-1-768x432.webp",768,432,true],"large":["https:\/\/primefresh.pl\/wp-content\/uploads\/2025\/06\/banner-manzana-contacto-1-1024x576.webp",1024,576,true],"1536x1536":["https:\/\/primefresh.pl\/wp-content\/uploads\/2025\/06\/banner-manzana-contacto-1.webp",1280,720,false],"2048x2048":["https:\/\/primefresh.pl\/wp-content\/uploads\/2025\/06\/banner-manzana-contacto-1.webp",1280,720,false]},"pbg_author_info":{"display_name":"admin","author_link":"https:\/\/primefresh.pl\/index.php\/author\/admin\/","author_img":"<img alt='admin' src='https:\/\/secure.gravatar.com\/avatar\/6a1ceb428a775551017f7f087c42c46f709a3408a7fc82a07e55c87553f8724e?s=128&#038;d=mm&#038;r=g' srcset='https:\/\/secure.gravatar.com\/avatar\/6a1ceb428a775551017f7f087c42c46f709a3408a7fc82a07e55c87553f8724e?s=256&#038;d=mm&#038;r=g 2x' class='avatar avatar-128 photo' height='128' width='128' loading='lazy' decoding='async'\/>"},"pbg_comment_info":" No Comments","pbg_excerpt":null,"_links":{"self":[{"href":"https:\/\/primefresh.pl\/index.php\/wp-json\/wp\/v2\/pages\/712","targetHints":{"allow":["GET"]}}],"collection":[{"href":"https:\/\/primefresh.pl\/index.php\/wp-json\/wp\/v2\/pages"}],"about":[{"href":"https:\/\/primefresh.pl\/index.php\/wp-json\/wp\/v2\/types\/page"}],"author":[{"embeddable":true,"href":"https:\/\/primefresh.pl\/index.php\/wp-json\/wp\/v2\/users\/1"}],"replies":[{"embeddable":true,"href":"https:\/\/primefresh.pl\/index.php\/wp-json\/wp\/v2\/comments?post=712"}],"version-history":[{"count":44,"href":"https:\/\/primefresh.pl\/index.php\/wp-json\/wp\/v2\/pages\/712\/revisions"}],"predecessor-version":[{"id":827,"href":"https:\/\/primefresh.pl\/index.php\/wp-json\/wp\/v2\/pages\/712\/revisions\/827"}],"wp:featuredmedia":[{"embeddable":true,"href":"https:\/\/primefresh.pl\/index.php\/wp-json\/wp\/v2\/media\/438"}],"wp:attachment":[{"href":"https:\/\/primefresh.pl\/index.php\/wp-json\/wp\/v2\/media?parent=712"}],"curies":[{"name":"wp","href":"https:\/\/api.w.org\/{rel}","templated":true}]}}