{"id":72,"date":"2025-06-20T09:44:04","date_gmt":"2025-06-20T09:44:04","guid":{"rendered":"https:\/\/ekg.jel.mybluehost.me\/website_d00f3b9d\/?page_id=72"},"modified":"2025-07-10T21:32:37","modified_gmt":"2025-07-10T19:32:37","slug":"borowki-hurt-prime-fresh","status":"publish","type":"page","link":"https:\/\/primefresh.pl\/index.php\/borowki-hurt-prime-fresh\/","title":{"rendered":"Bor\u00f3wki hurt Prime Fresh"},"content":{"rendered":"\n<div class=\"wp-block-premium-container premium-container-e392402eef6e  alignfull premium-is-root-container\"><div class=\"premium-container-inner-blocks-wrap\">\n<div class=\"wp-block-premium-heading premium-heading default premium-heading-b681af557928\"><div class=\"premium-title-container default \" data-backgroundtext=\"\" id=\"premium-heading-b681af557928\" data-icontype=\"icon\"><h1 class=\"premium-title-header premium-title-default__wrap  \" data-blur-delay=\"\" data-shiny-dur=\"\"><span class=\"premium-title-text-title\" style=\"min-height:15px;color:var(--theme-palette-color-8, #ffffff);text-shadow:0px 0px 10px transparent\">Bor\u00f3wki Prime Fresh<\/span><\/h1><\/div><\/div>\n\n\n\n<p class=\"has-text-align-center has-palette-color-8-color has-text-color has-link-color wp-elements-25b4cb7734f786b75c33fb6f30af162f\"><strong>Polskie z\u0142oto w\u015br\u00f3d superfoods! Soczyste, s\u0142odkie i pe\u0142ne antyoksydant\u00f3w, kt\u00f3re pokocha ca\u0142a Europa.<\/strong><\/p>\n<\/div><\/div>\n\n\n\n<div class=\"wp-block-premium-container premium-container-1926371a004c  alignfull premium-is-root-container\"><div class=\"premium-container-inner-blocks-wrap\">\n<div class=\"wp-block-premium-container premium-container-fd6f6270687b \"><div class=\"premium-container-inner-blocks-wrap\">\n<figure class=\"wp-block-premium-image premium-image  premium-image-e916b6c93926\"><div class=\"premium-image-container\"><div class=\"premium-image-wrap premium-image-wrap-none \"><img loading=\"lazy\" decoding=\"async\" src=\"http:\/\/primefresh.pl\/wp-content\/uploads\/2025\/06\/banner-borowki-1024x576.webp\" alt=\"\" class=\"pbg-image-89 wp-image-89\" width=\"1024\" height=\"576\" srcset=\"https:\/\/primefresh.pl\/wp-content\/uploads\/2025\/06\/banner-borowki-1024x576.webp 1024w, https:\/\/primefresh.pl\/wp-content\/uploads\/2025\/06\/banner-borowki-300x169.webp 300w, https:\/\/primefresh.pl\/wp-content\/uploads\/2025\/06\/banner-borowki-768x432.webp 768w, https:\/\/primefresh.pl\/wp-content\/uploads\/2025\/06\/banner-borowki.webp 1280w\" sizes=\"auto, (max-width: 1024px) 100vw, 1024px\" \/><\/div><\/div><\/figure>\n<\/div><\/div>\n\n\n\n<div class=\"wp-block-premium-container premium-container-91d0d20531f7 \"><div class=\"premium-container-inner-blocks-wrap\">\n<div class=\"wp-block-premium-heading premium-heading default premium-heading-7effafa7ac4e\"><div class=\"premium-title-container default \" data-backgroundtext=\"\" id=\"premium-heading-7effafa7ac4e\" data-icontype=\"icon\"><h2 class=\"premium-title-header premium-title-default__wrap  \" data-blur-delay=\"\" data-shiny-dur=\"\"><span class=\"premium-title-text-title\" style=\"min-height:15px;text-shadow:0px 0px 10px transparent\">Bor\u00f3wki Ameryka\u0144skie<\/span><\/h2><\/div><\/div>\n\n\n\n<div class=\"wp-block-premium-text premium-text-06adfee89827 premium-text\"><p class=\"premium-text-wrap\"><strong>Sezon: <\/strong><br>Lipiec &#8211; Wrzesie\u0144<br><br><strong>Odmiany:<\/strong><br>Chandler, Bluecrop, Darrow, Duke, Toro, Liberty <br><br><strong>Kalibry:<\/strong> <br>12mm+<br><br><strong>Opakowanie:<\/strong><br>Karton 3kg. \/ 125g, 250g, 300g, 400g<br><br><strong>Powierzchnia: <\/strong><br>4.5ha<br><br><strong>Certyfikaty:<\/strong><br>GlobalGAP<\/p><\/div>\n<\/div><\/div>\n<\/div><\/div>\n\n\n\n<div class=\"wp-block-premium-container premium-container-770d97406fe2  alignfull premium-is-root-container\" style=\"overflow:default\"><div class=\"premium-container-inner-blocks-wrap\">\n<h2 class=\"wp-block-heading\">Bor\u00f3wki Ameryka\u0144skie<\/h2>\n\n\n\n<p class=\"has-text-align-center has-palette-color-8-color has-text-color has-link-color wp-elements-b592230480dd901708a3eefe20982e5f\"><strong>Nasze bor\u00f3wki dojrzewaj\u0105 pod ciep\u0142ym polskim, gdzie gleba bogata w minera\u0142y nadaje im wyj\u0105tkow\u0105 s\u0142odycz. Zbieramy je r\u0119cznie, a nast\u0119pnie b\u0142yskawicznie sch\u0142adzamy, by zachowa\u0107 ich \u015bwie\u017co\u015b\u0107 i warto\u015bci od\u017cywcze. Dzi\u0119ki wysokiej zawarto\u015bci antocyjan\u00f3w i witaminy C, bor\u00f3wki Prime Fresh s\u0105 nie tylko pyszne, ale i korzystne dla zdrowia \u2013 idealne dla klient\u00f3w poszukuj\u0105cych naturalnych smak\u00f3w i produkt\u00f3w premium.<\/strong><\/p>\n<\/div><\/div>\n\n\n\n<div class=\"wp-block-premium-container premium-container-049a1408cf83  alignfull premium-is-root-container\"><div class=\"premium-container-inner-blocks-wrap\">\n<div class=\"wp-block-premium-container premium-container-c3eb114007ff \"><div class=\"premium-container-inner-blocks-wrap\">\n<div class=\"wp-block-premium-icon-box premium-icon-box-484bb295b9db is-style-default\"><div class=\"premium-icon-box-content is-style-default left\" style=\"border-style:solid;border-color:var(--theme-palette-color-1, #4D9F45)\">\n<div class=\"wp-block-premium-text premium-text-a06224cbdb4e premium-text\"><h3 class=\"premium-text-wrap\">Chandler<\/h3><\/div>\n\n\n\n<div class=\"wp-block-premium-text premium-text-9c9f9b37cc46 premium-text\"><p class=\"premium-text-wrap\"><strong>Sezon: <\/strong><br>Lipiec &#8211; Wrzesie\u0144<strong><br><\/strong><br><strong>Kalibry: <\/strong><br>12mm+<strong><br><\/strong><br><strong>Opakowanie: <\/strong><br>Karton 3kg. \/ 125g, 250g, 300g, 400g<strong><br><\/strong><br><strong>Certyfikaty:<\/strong><br>GlobalGAP<\/p><\/div>\n<\/div><\/div>\n<\/div><\/div>\n\n\n\n<div class=\"wp-block-premium-container premium-container-35d8f5d8b7ad \"><div class=\"premium-container-inner-blocks-wrap\">\n<div class=\"wp-block-premium-icon-box premium-icon-box-9b4961de4b4c is-style-default\"><div class=\"premium-icon-box-content is-style-default left\" style=\"border-style:solid;border-color:var(--theme-palette-color-1, #4D9F45)\">\n<div class=\"wp-block-premium-text premium-text-a0c03202cce0 premium-text\"><h3 class=\"premium-text-wrap\">Bluecrop<\/h3><\/div>\n\n\n\n<div class=\"wp-block-premium-text premium-text-33adc5fcf0c4 premium-text\"><p class=\"premium-text-wrap\"><strong>Sezon: <\/strong><br>Lipiec &#8211; Wrzesie\u0144<strong><br><\/strong><br><strong>Kalibry: <\/strong><br>12mm+<strong><br><\/strong><br><strong>Opakowanie: <\/strong><br>Karton 3kg. \/ 125g, 250g, 300g, 400g<strong><br><\/strong><br><strong>Certyfikaty:<\/strong><br>GlobalGAP<\/p><\/div>\n<\/div><\/div>\n<\/div><\/div>\n\n\n\n<div class=\"wp-block-premium-container premium-container-4669a859cd2b \"><div class=\"premium-container-inner-blocks-wrap\">\n<div class=\"wp-block-premium-icon-box premium-icon-box-2a1daae47152 is-style-default\"><div class=\"premium-icon-box-content is-style-default left\" style=\"border-style:solid;border-color:var(--theme-palette-color-1, #4D9F45)\">\n<div class=\"wp-block-premium-text premium-text-cf5a993b1550 premium-text\"><h3 class=\"premium-text-wrap\">Darrow<\/h3><\/div>\n\n\n\n<div class=\"wp-block-premium-text premium-text-dad5b06f4cf2 premium-text\"><p class=\"premium-text-wrap\"><strong>Sezon: <\/strong><br>Lipiec &#8211; Wrzesie\u0144<strong><br><\/strong><br><strong>Kalibry: <\/strong><br>12mm+<strong><br><\/strong><br><strong>Opakowanie: <\/strong><br>Karton 3kg. \/ 125g, 250g, 300g, 400g<strong><br><\/strong><br><strong>Certyfikaty:<\/strong><br>GlobalGAP<\/p><\/div>\n<\/div><\/div>\n<\/div><\/div>\n\n\n\n<div class=\"wp-block-premium-container premium-container-31098f772600 \"><div class=\"premium-container-inner-blocks-wrap\">\n<div class=\"wp-block-premium-icon-box premium-icon-box-4eac96f2b01c is-style-default\"><div class=\"premium-icon-box-content is-style-default left\" style=\"border-style:solid;border-color:var(--theme-palette-color-1, #4D9F45)\">\n<div class=\"wp-block-premium-text premium-text-5086102afa51 premium-text\"><h3 class=\"premium-text-wrap\">Duke<\/h3><\/div>\n\n\n\n<div class=\"wp-block-premium-text premium-text-729fcbd890ce premium-text\"><p class=\"premium-text-wrap\"><strong>Sezon: <\/strong><br>Lipiec &#8211; Wrzesie\u0144<strong><br><\/strong><br><strong>Kalibry: <\/strong><br>12mm+<strong><br><\/strong><br><strong>Opakowanie: <\/strong><br>Karton 3kg. \/ 125g, 250g, 300g, 400g<strong><br><\/strong><br><strong>Certyfikaty:<\/strong><br>GlobalGAP<\/p><\/div>\n<\/div><\/div>\n<\/div><\/div>\n\n\n\n<div class=\"wp-block-premium-container premium-container-88cd4882cced \"><div class=\"premium-container-inner-blocks-wrap\">\n<div class=\"wp-block-premium-icon-box premium-icon-box-7ee1dc1d809b is-style-default\"><div class=\"premium-icon-box-content is-style-default left\" style=\"border-style:solid;border-color:var(--theme-palette-color-1, #4D9F45)\">\n<div class=\"wp-block-premium-text premium-text-395a6d705329 premium-text\"><h3 class=\"premium-text-wrap\">Toro<\/h3><\/div>\n\n\n\n<div class=\"wp-block-premium-text premium-text-805cf2e875a4 premium-text\"><p class=\"premium-text-wrap\"><strong>Sezon: <\/strong><br>Lipiec &#8211; Wrzesie\u0144<strong><br><\/strong><br><strong>Kalibry: <\/strong><br>12mm+<strong><br><\/strong><br><strong>Opakowanie: <\/strong><br>Karton 3kg. \/ 125g, 250g, 300g, 400g<strong><br><\/strong><br><strong>Certyfikaty:<\/strong><br>GlobalGAP<\/p><\/div>\n<\/div><\/div>\n<\/div><\/div>\n\n\n\n<div class=\"wp-block-premium-container premium-container-cf9f0d20e66a \"><div class=\"premium-container-inner-blocks-wrap\">\n<div class=\"wp-block-premium-icon-box premium-icon-box-7ad8e24e3afa is-style-default\"><div class=\"premium-icon-box-content is-style-default left\" style=\"border-style:solid;border-color:var(--theme-palette-color-1, #4D9F45)\">\n<div class=\"wp-block-premium-text premium-text-bf99a9355632 premium-text\"><h3 class=\"premium-text-wrap\">Liberty<\/h3><\/div>\n\n\n\n<div class=\"wp-block-premium-text premium-text-8e127f973aaa premium-text\"><p class=\"premium-text-wrap\"><strong>Sezon: <\/strong><br>Lipiec &#8211; Wrzesie\u0144<strong><br><\/strong><br><strong>Kalibry: <\/strong><br>12mm+<strong><br><\/strong><br><strong>Opakowanie: <\/strong><br>Karton 3kg. \/ 125g, 250g, 300g, 400g<strong><br><\/strong><br><strong>Certyfikaty:<\/strong><br>GlobalGAP<\/p><\/div>\n<\/div><\/div>\n<\/div><\/div>\n<\/div><\/div>\n\n\n\n<div class=\"wp-block-premium-container premium-container-5ab2e281a036  alignfull premium-is-root-container\"><div class=\"premium-container-inner-blocks-wrap\">\n<figure class=\"wp-block-premium-image premium-image  premium-image-e78f358df614\"><div class=\"premium-image-container\"><div class=\"premium-image-wrap premium-image-wrap-none \"><img loading=\"lazy\" decoding=\"async\" src=\"http:\/\/primefresh.pl\/wp-content\/uploads\/2025\/06\/banner-borowki-5-1-1024x480.webp\" alt=\"\" class=\"pbg-image-186 wp-image-186\" width=\"1024\" height=\"480\" srcset=\"https:\/\/primefresh.pl\/wp-content\/uploads\/2025\/06\/banner-borowki-5-1-1024x480.webp 1024w, https:\/\/primefresh.pl\/wp-content\/uploads\/2025\/06\/banner-borowki-5-1-300x141.webp 300w, https:\/\/primefresh.pl\/wp-content\/uploads\/2025\/06\/banner-borowki-5-1-768x360.webp 768w, https:\/\/primefresh.pl\/wp-content\/uploads\/2025\/06\/banner-borowki-5-1.webp 1280w\" sizes=\"auto, (max-width: 1024px) 100vw, 1024px\" \/><\/div><\/div><\/figure>\n<\/div><\/div>\n","protected":false},"excerpt":{"rendered":"","protected":false},"author":1,"featured_media":89,"parent":0,"menu_order":0,"comment_status":"closed","ping_status":"closed","template":"","meta":{"footnotes":""},"class_list":["post-72","page","type-page","status-publish","has-post-thumbnail","hentry"],"blocksy_meta":[],"pbg_featured_image_src":{"full":["https:\/\/primefresh.pl\/wp-content\/uploads\/2025\/06\/banner-borowki.webp",1280,720,false],"thumbnail":["https:\/\/primefresh.pl\/wp-content\/uploads\/2025\/06\/banner-borowki-150x150.webp",150,150,true],"medium":["https:\/\/primefresh.pl\/wp-content\/uploads\/2025\/06\/banner-borowki-300x169.webp",300,169,true],"medium_large":["https:\/\/primefresh.pl\/wp-content\/uploads\/2025\/06\/banner-borowki-768x432.webp",768,432,true],"large":["https:\/\/primefresh.pl\/wp-content\/uploads\/2025\/06\/banner-borowki-1024x576.webp",1024,576,true],"1536x1536":["https:\/\/primefresh.pl\/wp-content\/uploads\/2025\/06\/banner-borowki.webp",1280,720,false],"2048x2048":["https:\/\/primefresh.pl\/wp-content\/uploads\/2025\/06\/banner-borowki.webp",1280,720,false]},"pbg_author_info":{"display_name":"admin","author_link":"https:\/\/primefresh.pl\/index.php\/author\/admin\/","author_img":"<img alt='admin' src='https:\/\/secure.gravatar.com\/avatar\/6a1ceb428a775551017f7f087c42c46f709a3408a7fc82a07e55c87553f8724e?s=128&#038;d=mm&#038;r=g' srcset='https:\/\/secure.gravatar.com\/avatar\/6a1ceb428a775551017f7f087c42c46f709a3408a7fc82a07e55c87553f8724e?s=256&#038;d=mm&#038;r=g 2x' class='avatar avatar-128 photo' height='128' width='128' loading='lazy' decoding='async'\/>"},"pbg_comment_info":" No Comments","pbg_excerpt":null,"_links":{"self":[{"href":"https:\/\/primefresh.pl\/index.php\/wp-json\/wp\/v2\/pages\/72","targetHints":{"allow":["GET"]}}],"collection":[{"href":"https:\/\/primefresh.pl\/index.php\/wp-json\/wp\/v2\/pages"}],"about":[{"href":"https:\/\/primefresh.pl\/index.php\/wp-json\/wp\/v2\/types\/page"}],"author":[{"embeddable":true,"href":"https:\/\/primefresh.pl\/index.php\/wp-json\/wp\/v2\/users\/1"}],"replies":[{"embeddable":true,"href":"https:\/\/primefresh.pl\/index.php\/wp-json\/wp\/v2\/comments?post=72"}],"version-history":[{"count":2,"href":"https:\/\/primefresh.pl\/index.php\/wp-json\/wp\/v2\/pages\/72\/revisions"}],"predecessor-version":[{"id":1228,"href":"https:\/\/primefresh.pl\/index.php\/wp-json\/wp\/v2\/pages\/72\/revisions\/1228"}],"wp:featuredmedia":[{"embeddable":true,"href":"https:\/\/primefresh.pl\/index.php\/wp-json\/wp\/v2\/media\/89"}],"wp:attachment":[{"href":"https:\/\/primefresh.pl\/index.php\/wp-json\/wp\/v2\/media?parent=72"}],"curies":[{"name":"wp","href":"https:\/\/api.w.org\/{rel}","templated":true}]}}