{"id":74,"date":"2025-06-20T09:45:32","date_gmt":"2025-06-20T09:45:32","guid":{"rendered":"https:\/\/ekg.jel.mybluehost.me\/website_d00f3b9d\/?page_id=74"},"modified":"2025-07-10T21:34:14","modified_gmt":"2025-07-10T19:34:14","slug":"truskawki-hurt-prime-fresh","status":"publish","type":"page","link":"https:\/\/primefresh.pl\/index.php\/truskawki-hurt-prime-fresh\/","title":{"rendered":"Truskawki hurt &#8211; Prime Fresh"},"content":{"rendered":"\n<div class=\"wp-block-premium-container premium-container-9036d2e876ca  alignfull premium-is-root-container\"><div class=\"premium-container-inner-blocks-wrap\">\n<div class=\"wp-block-premium-heading premium-heading default premium-heading-7c14b0520e57\"><div class=\"premium-title-container default \" data-backgroundtext=\"\" id=\"premium-heading-7c14b0520e57\" data-icontype=\"icon\"><h1 class=\"premium-title-header premium-title-default__wrap  \" data-blur-delay=\"\" data-shiny-dur=\"\"><span class=\"premium-title-text-title\" style=\"min-height:15px;color:var(--theme-palette-color-8, #ffffff);text-shadow:0px 0px 10px transparent\">Truskawki Prime Fresh<\/span><\/h1><\/div><\/div>\n\n\n\n<p class=\"has-text-align-center has-palette-color-8-color has-text-color has-link-color wp-elements-70e4b4e05344428954e95516f0e044d7\"><strong>S\u0142oneczna s\u0142odycz prosto z polskich p\u00f3l! Idealne do deser\u00f3w, sok\u00f3w i zdrowych przek\u0105sek.<\/strong><\/p>\n<\/div><\/div>\n\n\n\n<div class=\"wp-block-premium-container premium-container-515aa6ecbf2f  alignfull premium-is-root-container\"><div class=\"premium-container-inner-blocks-wrap\">\n<div class=\"wp-block-premium-container premium-container-71f9fcc11db8 \"><div class=\"premium-container-inner-blocks-wrap\">\n<figure class=\"wp-block-premium-image premium-image  premium-image-f28e4eedc9f9\"><div class=\"premium-image-container\"><div class=\"premium-image-wrap premium-image-wrap-none \"><img loading=\"lazy\" decoding=\"async\" src=\"http:\/\/primefresh.pl\/wp-content\/uploads\/2025\/06\/fresas-cont-1.webp\" alt=\"\" class=\"pbg-image-272 wp-image-272\" width=\"500\" height=\"300\" srcset=\"https:\/\/primefresh.pl\/wp-content\/uploads\/2025\/06\/fresas-cont-1.webp 500w, https:\/\/primefresh.pl\/wp-content\/uploads\/2025\/06\/fresas-cont-1-300x180.webp 300w\" sizes=\"auto, (max-width: 500px) 100vw, 500px\" \/><\/div><\/div><\/figure>\n<\/div><\/div>\n\n\n\n<div class=\"wp-block-premium-container premium-container-b5e43c0c99e2 \"><div class=\"premium-container-inner-blocks-wrap\">\n<div class=\"wp-block-premium-heading premium-heading default premium-heading-5f7e545da4cd\"><div class=\"premium-title-container default \" data-backgroundtext=\"\" id=\"premium-heading-5f7e545da4cd\" data-icontype=\"icon\"><h2 class=\"premium-title-header premium-title-default__wrap  \" data-blur-delay=\"\" data-shiny-dur=\"\"><span class=\"premium-title-text-title\" style=\"min-height:15px;text-shadow:0px 0px 10px transparent\">Truskawki<\/span><\/h2><\/div><\/div>\n\n\n\n<div class=\"wp-block-premium-text premium-text-36f18a4d4ff3 premium-text\"><p class=\"premium-text-wrap\"><strong>Sezon: <\/strong><br>Czerwiec<br><br><strong>Odmiany:<\/strong><br>Rumba, Marmolada, Hanoi <br><br><strong>Kalibry:<\/strong> <br>30mm+<br><br><strong>Opakowanie:<\/strong><br>Flowpack, 500g pojemniki, Kartron, skrzyneczka drewniana<br><br><strong>Powierzchnia: <\/strong><br>4.86ha<br><br><strong>Certyfikaty:<\/strong><br>HACCP<\/p><\/div>\n<\/div><\/div>\n<\/div><\/div>\n\n\n\n<div class=\"wp-block-premium-container premium-container-b72da7566a2a  alignfull premium-is-root-container\" style=\"overflow:default\"><div class=\"premium-container-inner-blocks-wrap\">\n<h2 class=\"wp-block-heading\">Truskawki Prime Fresh<\/h2>\n\n\n\n<p class=\"has-text-align-center has-palette-color-8-color has-text-color has-link-color wp-elements-0686b7bb5b566de30572dd6dd2122d8b\"><strong>Nasze truskawki rosn\u0105 na \u017cyznych ziemiach Mazowsza, gdzie d\u0142ugie, s\u0142oneczne dni nadaj\u0105 im intensywny aromat i g\u0142\u0119boki czerwony kolor. Zbieramy je r\u0119cznie o \u015bwicie, by zachowa\u0107 ich soczysto\u015b\u0107 i smak. Dzi\u0119ki niskiej kwasowo\u015bci i wysokiej zawarto\u015bci witaminy C, truskawki Prime Fresh s\u0105 uwielbiane przez klient\u00f3w w ca\u0142ej Europie \u2013 zar\u00f3wno te sprzedawane \u015bwie\u017ce, jak i mro\u017cone na zim\u0119!<\/strong><\/p>\n<\/div><\/div>\n\n\n\n<div class=\"wp-block-premium-container premium-container-7464098057b4  alignfull premium-is-root-container\"><div class=\"premium-container-inner-blocks-wrap\">\n<div class=\"wp-block-premium-container premium-container-1b7b4c37bf18 \"><div class=\"premium-container-inner-blocks-wrap\">\n<div class=\"wp-block-premium-icon-box premium-icon-box-c70c84cc81cb is-style-default\"><div class=\"premium-icon-box-content is-style-default left\" style=\"border-style:solid;border-color:var(--theme-palette-color-1, #4D9F45)\">\n<div class=\"wp-block-premium-text premium-text-60a06b7ae93a premium-text\"><h3 class=\"premium-text-wrap\">Rumba<\/h3><\/div>\n\n\n\n<div class=\"wp-block-premium-text premium-text-b54911f46fd7 premium-text\"><p class=\"premium-text-wrap\"><strong>Sezon: <\/strong><br>Czerwiec<br><br><strong>Kalibry:<\/strong> <br>30mm+<br><br><strong>Opakowanie:<\/strong><br>Flowpack, 500g pojemniki, Kartron, skrzyneczka drewniana<br><br><strong>Certyfikaty:<\/strong><br>HACCP<\/p><\/div>\n<\/div><\/div>\n<\/div><\/div>\n\n\n\n<div class=\"wp-block-premium-container premium-container-148096e9093a \"><div class=\"premium-container-inner-blocks-wrap\">\n<div class=\"wp-block-premium-icon-box premium-icon-box-d0abce0dbdca is-style-default\"><div class=\"premium-icon-box-content is-style-default left\" style=\"border-style:solid;border-color:var(--theme-palette-color-1, #4D9F45)\">\n<div class=\"wp-block-premium-text premium-text-ae1fad7eb6d9 premium-text\"><h3 class=\"premium-text-wrap\">Marmolada<\/h3><\/div>\n\n\n\n<div class=\"wp-block-premium-text premium-text-c530e6552f95 premium-text\"><p class=\"premium-text-wrap\"><strong>Sezon: <\/strong><br>Czerwiec<br><br><strong>Kalibry:<\/strong> <br>30mm+<br><br><strong>Opakowanie:<\/strong><br>Flowpack, 500g pojemniki, Kartron, skrzyneczka drewniana<br><br><strong>Certyfikaty:<\/strong><br>HACCP<\/p><\/div>\n<\/div><\/div>\n<\/div><\/div>\n\n\n\n<div class=\"wp-block-premium-container premium-container-3d62819ab046 \"><div class=\"premium-container-inner-blocks-wrap\">\n<div class=\"wp-block-premium-icon-box premium-icon-box-9ebef1ff79f0 is-style-default\"><div class=\"premium-icon-box-content is-style-default left\" style=\"border-style:solid;border-color:var(--theme-palette-color-1, #4D9F45)\">\n<div class=\"wp-block-premium-text premium-text-7df12944ace7 premium-text\"><h3 class=\"premium-text-wrap\">Hanoi<\/h3><\/div>\n\n\n\n<div class=\"wp-block-premium-text premium-text-efa51833f46a premium-text\"><p class=\"premium-text-wrap\"><strong>Sezon: <\/strong><br>Czerwiec<br><br><strong>Kalibry:<\/strong> <br>30mm+<br><br><strong>Opakowanie:<\/strong><br>Flowpack, 500g pojemniki, Kartron, skrzyneczka drewniana<br><br><strong>Certyfikaty:<\/strong><br>HACCP<\/p><\/div>\n<\/div><\/div>\n<\/div><\/div>\n<\/div><\/div>\n\n\n\n<div class=\"wp-block-premium-container premium-container-33b68e10a525  alignfull premium-is-root-container\"><div class=\"premium-container-inner-blocks-wrap\">\n<figure class=\"wp-block-premium-image premium-image  premium-image-3b66a8bec3fa\"><div class=\"premium-image-container\"><div class=\"premium-image-wrap premium-image-wrap-none \"><img loading=\"lazy\" decoding=\"async\" src=\"http:\/\/primefresh.pl\/wp-content\/uploads\/2025\/06\/fresas-bottom-1-1-1024x480.webp\" alt=\"\" class=\"pbg-image-269 wp-image-269\" width=\"1024\" height=\"480\" srcset=\"https:\/\/primefresh.pl\/wp-content\/uploads\/2025\/06\/fresas-bottom-1-1-1024x480.webp 1024w, https:\/\/primefresh.pl\/wp-content\/uploads\/2025\/06\/fresas-bottom-1-1-300x141.webp 300w, https:\/\/primefresh.pl\/wp-content\/uploads\/2025\/06\/fresas-bottom-1-1-768x360.webp 768w, https:\/\/primefresh.pl\/wp-content\/uploads\/2025\/06\/fresas-bottom-1-1.webp 1280w\" sizes=\"auto, (max-width: 1024px) 100vw, 1024px\" \/><\/div><\/div><\/figure>\n<\/div><\/div>\n","protected":false},"excerpt":{"rendered":"","protected":false},"author":1,"featured_media":107,"parent":0,"menu_order":0,"comment_status":"closed","ping_status":"closed","template":"","meta":{"footnotes":""},"class_list":["post-74","page","type-page","status-publish","has-post-thumbnail","hentry"],"blocksy_meta":[],"pbg_featured_image_src":{"full":["https:\/\/primefresh.pl\/wp-content\/uploads\/2025\/06\/banner-fresas.webp",1280,720,false],"thumbnail":["https:\/\/primefresh.pl\/wp-content\/uploads\/2025\/06\/banner-fresas-150x150.webp",150,150,true],"medium":["https:\/\/primefresh.pl\/wp-content\/uploads\/2025\/06\/banner-fresas-300x169.webp",300,169,true],"medium_large":["https:\/\/primefresh.pl\/wp-content\/uploads\/2025\/06\/banner-fresas-768x432.webp",768,432,true],"large":["https:\/\/primefresh.pl\/wp-content\/uploads\/2025\/06\/banner-fresas-1024x576.webp",1024,576,true],"1536x1536":["https:\/\/primefresh.pl\/wp-content\/uploads\/2025\/06\/banner-fresas.webp",1280,720,false],"2048x2048":["https:\/\/primefresh.pl\/wp-content\/uploads\/2025\/06\/banner-fresas.webp",1280,720,false]},"pbg_author_info":{"display_name":"admin","author_link":"https:\/\/primefresh.pl\/index.php\/author\/admin\/","author_img":"<img alt='admin' src='https:\/\/secure.gravatar.com\/avatar\/6a1ceb428a775551017f7f087c42c46f709a3408a7fc82a07e55c87553f8724e?s=128&#038;d=mm&#038;r=g' srcset='https:\/\/secure.gravatar.com\/avatar\/6a1ceb428a775551017f7f087c42c46f709a3408a7fc82a07e55c87553f8724e?s=256&#038;d=mm&#038;r=g 2x' class='avatar avatar-128 photo' height='128' width='128' loading='lazy' decoding='async'\/>"},"pbg_comment_info":" No Comments","pbg_excerpt":null,"_links":{"self":[{"href":"https:\/\/primefresh.pl\/index.php\/wp-json\/wp\/v2\/pages\/74","targetHints":{"allow":["GET"]}}],"collection":[{"href":"https:\/\/primefresh.pl\/index.php\/wp-json\/wp\/v2\/pages"}],"about":[{"href":"https:\/\/primefresh.pl\/index.php\/wp-json\/wp\/v2\/types\/page"}],"author":[{"embeddable":true,"href":"https:\/\/primefresh.pl\/index.php\/wp-json\/wp\/v2\/users\/1"}],"replies":[{"embeddable":true,"href":"https:\/\/primefresh.pl\/index.php\/wp-json\/wp\/v2\/comments?post=74"}],"version-history":[{"count":2,"href":"https:\/\/primefresh.pl\/index.php\/wp-json\/wp\/v2\/pages\/74\/revisions"}],"predecessor-version":[{"id":1231,"href":"https:\/\/primefresh.pl\/index.php\/wp-json\/wp\/v2\/pages\/74\/revisions\/1231"}],"wp:featuredmedia":[{"embeddable":true,"href":"https:\/\/primefresh.pl\/index.php\/wp-json\/wp\/v2\/media\/107"}],"wp:attachment":[{"href":"https:\/\/primefresh.pl\/index.php\/wp-json\/wp\/v2\/media?parent=74"}],"curies":[{"name":"wp","href":"https:\/\/api.w.org\/{rel}","templated":true}]}}