{"id":76,"date":"2025-06-20T09:46:41","date_gmt":"2025-06-20T09:46:41","guid":{"rendered":"https:\/\/ekg.jel.mybluehost.me\/website_d00f3b9d\/?page_id=76"},"modified":"2025-07-10T21:37:03","modified_gmt":"2025-07-10T19:37:03","slug":"wisnie-hurt-prime-fresh","status":"publish","type":"page","link":"https:\/\/primefresh.pl\/index.php\/wisnie-hurt-prime-fresh\/","title":{"rendered":"Wi\u015bnie hurt \u2013 Prime Fresh"},"content":{"rendered":"\n<div class=\"wp-block-premium-container premium-container-5182e3c713e2  alignfull premium-is-root-container\"><div class=\"premium-container-inner-blocks-wrap\">\n<div class=\"wp-block-premium-heading premium-heading default premium-heading-63e6f041c0f4\"><div class=\"premium-title-container default \" data-backgroundtext=\"\" id=\"premium-heading-63e6f041c0f4\" data-icontype=\"icon\"><h1 class=\"premium-title-header premium-title-default__wrap  \" data-blur-delay=\"\" data-shiny-dur=\"\"><span class=\"premium-title-text-title\" style=\"min-height:15px;color:var(--theme-palette-color-8, #ffffff);text-shadow:0px 0px 10px transparent\">Wi\u015bnie Prime Fresh<\/span><\/h1><\/div><\/div>\n\n\n\n<p class=\"has-text-align-center has-palette-color-8-color has-text-color has-link-color wp-elements-338fa8c27de7a85f0999e4ba44f09040\"><strong>kwaskowita moc polskiego lata! Idealne do przetwor\u00f3w, deser\u00f3w i nalewek.<\/strong><\/p>\n<\/div><\/div>\n\n\n\n<div class=\"wp-block-premium-container premium-container-bcc72e7013e5  alignfull premium-is-root-container\"><div class=\"premium-container-inner-blocks-wrap\">\n<div class=\"wp-block-premium-container premium-container-75ea4e1936e3 \"><div class=\"premium-container-inner-blocks-wrap\">\n<figure class=\"wp-block-premium-image premium-image  premium-image-4c603f728bfe\"><div class=\"premium-image-container\"><div class=\"premium-image-wrap premium-image-wrap-none \"><img loading=\"lazy\" decoding=\"async\" src=\"http:\/\/primefresh.pl\/wp-content\/uploads\/2025\/06\/wisnia-cont-1.webp\" alt=\"\" class=\"pbg-image-333 wp-image-333\" width=\"500\" height=\"300\"\/><\/div><\/div><\/figure>\n<\/div><\/div>\n\n\n\n<div class=\"wp-block-premium-container premium-container-5a079c046d1a \"><div class=\"premium-container-inner-blocks-wrap\">\n<div class=\"wp-block-premium-heading premium-heading default premium-heading-d8003309d6f4\"><div class=\"premium-title-container default \" data-backgroundtext=\"\" id=\"premium-heading-d8003309d6f4\" data-icontype=\"icon\"><h2 class=\"premium-title-header premium-title-default__wrap  \" data-blur-delay=\"\" data-shiny-dur=\"\"><span class=\"premium-title-text-title\" style=\"min-height:15px;text-shadow:0px 0px 10px transparent\">Wi\u015bnie<\/span><\/h2><\/div><\/div>\n\n\n\n<div class=\"wp-block-premium-text premium-text-176f40e66f88 premium-text\"><p class=\"premium-text-wrap\"><strong>Sezon: <\/strong><br>Lipiec &#8211; Sierpie\u0144<br><br><strong>Odmiany:<\/strong><br>Panda groniasta<br><br><strong>Kalibry:<\/strong> <br>20mm+<br><br><strong>Opakowanie:<\/strong><br>Karton, skrzyneczka drewniana<br><br><strong>Powierzchnia: <\/strong><br>10,31ha<br><br><strong>Certyfikaty:<\/strong><br>HACCP<\/p><\/div>\n<\/div><\/div>\n<\/div><\/div>\n\n\n\n<div class=\"wp-block-premium-container premium-container-d696d1a9071f  alignfull premium-is-root-container\" style=\"overflow:default\"><div class=\"premium-container-inner-blocks-wrap\">\n<h2 class=\"wp-block-heading\">Wi\u015bnie<\/h2>\n\n\n\n<p class=\"has-text-align-center has-palette-color-8-color has-text-color has-link-color wp-elements-45c3e0e7c41114fae8e5959130938794\"><strong>Nasze wi\u015bnie rosn\u0105 w tradycyjnych sadach Mazowsza, gdzie kontynentalny klimat wydobywa ich charakterystyczn\u0105 r\u00f3wnowag\u0119 mi\u0119dzy kwasowo\u015bci\u0105 a g\u0142\u0119bi\u0105 smaku. Zbieramy je r\u0119cznie w szczytowym momencie dojrza\u0142o\u015bci. To ulubiony sk\u0142adnik polskich cukierni i wytw\u00f3rc\u00f3w nalewek &#8211; ma\u0142e owoce o wielkim smaku!<\/strong><\/p>\n<\/div><\/div>\n\n\n\n<div class=\"wp-block-premium-container premium-container-e8f0a717ea47  alignfull premium-is-root-container\"><div class=\"premium-container-inner-blocks-wrap\">\n<div class=\"wp-block-premium-container premium-container-0c3bc9fb4ef7 \"><div class=\"premium-container-inner-blocks-wrap\">\n<div class=\"wp-block-premium-icon-box premium-icon-box-7546db6d02f1 is-style-default\"><div class=\"premium-icon-box-content is-style-default left\" style=\"border-style:solid;border-color:var(--theme-palette-color-1, #4D9F45)\">\n<div class=\"wp-block-premium-text premium-text-0c71cf5c4e44 premium-text\"><h3 class=\"premium-text-wrap\">Panda groniasta<\/h3><\/div>\n\n\n\n<div class=\"wp-block-premium-text premium-text-ee900f068eb0 premium-text\"><p class=\"premium-text-wrap\"><strong>Sezon: <\/strong><br>Lipiec &#8211; Sierpie\u0144<br><br><strong>Kalibry:<\/strong> <br>20mm+<br><br><strong>Opakowanie:<\/strong><br>Karton, skrzyneczka drewniana<br><br><strong>Certyfikaty:<\/strong><br>HACCP<\/p><\/div>\n<\/div><\/div>\n<\/div><\/div>\n<\/div><\/div>\n\n\n\n<div class=\"wp-block-premium-container premium-container-667eaf47dec9  alignfull premium-is-root-container\"><div class=\"premium-container-inner-blocks-wrap\">\n<figure class=\"wp-block-premium-image premium-image  premium-image-cdcade20eb4f\"><div class=\"premium-image-container\"><div class=\"premium-image-wrap premium-image-wrap-none \"><img loading=\"lazy\" decoding=\"async\" src=\"http:\/\/primefresh.pl\/wp-content\/uploads\/2025\/06\/wisnia-bottom-1-1024x480.webp\" alt=\"\" class=\"pbg-image-331 wp-image-331\" width=\"1024\" height=\"480\"\/><\/div><\/div><\/figure>\n<\/div><\/div>\n","protected":false},"excerpt":{"rendered":"","protected":false},"author":1,"featured_media":329,"parent":0,"menu_order":0,"comment_status":"closed","ping_status":"closed","template":"","meta":{"footnotes":""},"class_list":["post-76","page","type-page","status-publish","has-post-thumbnail","hentry"],"blocksy_meta":[],"pbg_featured_image_src":{"full":["https:\/\/primefresh.pl\/wp-content\/uploads\/2025\/06\/banner-wisnia.webp",1280,720,false],"thumbnail":["https:\/\/primefresh.pl\/wp-content\/uploads\/2025\/06\/banner-wisnia-150x150.webp",150,150,true],"medium":["https:\/\/primefresh.pl\/wp-content\/uploads\/2025\/06\/banner-wisnia-300x169.webp",300,169,true],"medium_large":["https:\/\/primefresh.pl\/wp-content\/uploads\/2025\/06\/banner-wisnia-768x432.webp",768,432,true],"large":["https:\/\/primefresh.pl\/wp-content\/uploads\/2025\/06\/banner-wisnia-1024x576.webp",1024,576,true],"1536x1536":["https:\/\/primefresh.pl\/wp-content\/uploads\/2025\/06\/banner-wisnia.webp",1280,720,false],"2048x2048":["https:\/\/primefresh.pl\/wp-content\/uploads\/2025\/06\/banner-wisnia.webp",1280,720,false]},"pbg_author_info":{"display_name":"admin","author_link":"https:\/\/primefresh.pl\/index.php\/author\/admin\/","author_img":"<img alt='admin' src='https:\/\/secure.gravatar.com\/avatar\/6a1ceb428a775551017f7f087c42c46f709a3408a7fc82a07e55c87553f8724e?s=128&#038;d=mm&#038;r=g' srcset='https:\/\/secure.gravatar.com\/avatar\/6a1ceb428a775551017f7f087c42c46f709a3408a7fc82a07e55c87553f8724e?s=256&#038;d=mm&#038;r=g 2x' class='avatar avatar-128 photo' height='128' width='128' loading='lazy' decoding='async'\/>"},"pbg_comment_info":" No Comments","pbg_excerpt":null,"_links":{"self":[{"href":"https:\/\/primefresh.pl\/index.php\/wp-json\/wp\/v2\/pages\/76","targetHints":{"allow":["GET"]}}],"collection":[{"href":"https:\/\/primefresh.pl\/index.php\/wp-json\/wp\/v2\/pages"}],"about":[{"href":"https:\/\/primefresh.pl\/index.php\/wp-json\/wp\/v2\/types\/page"}],"author":[{"embeddable":true,"href":"https:\/\/primefresh.pl\/index.php\/wp-json\/wp\/v2\/users\/1"}],"replies":[{"embeddable":true,"href":"https:\/\/primefresh.pl\/index.php\/wp-json\/wp\/v2\/comments?post=76"}],"version-history":[{"count":2,"href":"https:\/\/primefresh.pl\/index.php\/wp-json\/wp\/v2\/pages\/76\/revisions"}],"predecessor-version":[{"id":1235,"href":"https:\/\/primefresh.pl\/index.php\/wp-json\/wp\/v2\/pages\/76\/revisions\/1235"}],"wp:featuredmedia":[{"embeddable":true,"href":"https:\/\/primefresh.pl\/index.php\/wp-json\/wp\/v2\/media\/329"}],"wp:attachment":[{"href":"https:\/\/primefresh.pl\/index.php\/wp-json\/wp\/v2\/media?parent=76"}],"curies":[{"name":"wp","href":"https:\/\/api.w.org\/{rel}","templated":true}]}}